{"id":105,"date":"2022-12-22T16:42:45","date_gmt":"2022-12-22T19:42:45","guid":{"rendered":"https:\/\/glaciarium.com\/nueva_web\/historia-perito-moreno-2\/"},"modified":"2026-02-02T15:55:38","modified_gmt":"2026-02-02T18:55:38","slug":"historia-perito-moreno-2","status":"publish","type":"page","link":"https:\/\/glaciarium.com\/es\/historia-perito-moreno-2\/","title":{"rendered":"historia perito moreno"},"content":{"rendered":"\t\t<div data-elementor-type=\"wp-page\" data-elementor-id=\"105\" class=\"elementor elementor-105\">\n\t\t\t\t\t\t<section class=\"elementor-section elementor-top-section elementor-element elementor-element-ab60b71 elementor-hidden-desktop elementor-hidden-tablet elementor-section-boxed elementor-section-height-default elementor-section-height-default\" data-id=\"ab60b71\" data-element_type=\"section\" data-e-type=\"section\" data-settings=\"{&quot;background_background&quot;:&quot;classic&quot;}\">\n\t\t\t\t\t\t\t<div class=\"elementor-background-overlay\"><\/div>\n\t\t\t\t\t\t\t<div class=\"elementor-container elementor-column-gap-no\">\n\t\t\t\t\t<div class=\"elementor-column elementor-col-100 elementor-top-column elementor-element elementor-element-7fa1643\" data-id=\"7fa1643\" data-element_type=\"column\" data-e-type=\"column\">\n\t\t\t<div class=\"elementor-widget-wrap elementor-element-populated\">\n\t\t\t\t\t\t<div class=\"elementor-element elementor-element-a291c0e elementor-hidden-desktop elementor-hidden-tablet elementor-widget elementor-widget-image\" data-id=\"a291c0e\" data-element_type=\"widget\" data-e-type=\"widget\" data-widget_type=\"image.default\">\n\t\t\t\t<div class=\"elementor-widget-container\">\n\t\t\t\t\t\t\t\t\t\t\t\t\t\t\t<img fetchpriority=\"high\" decoding=\"async\" width=\"1441\" height=\"1441\" src=\"https:\/\/glaciarium.com\/es\/wp-content\/uploads\/2022\/12\/1-PN-MOBILE-3.png\" class=\"attachment-full size-full wp-image-298\" alt=\"\" srcset=\"https:\/\/glaciarium.com\/es\/wp-content\/uploads\/2022\/12\/1-PN-MOBILE-3.png 1441w, https:\/\/glaciarium.com\/es\/wp-content\/uploads\/2022\/12\/1-PN-MOBILE-3-300x300.png 300w, https:\/\/glaciarium.com\/es\/wp-content\/uploads\/2022\/12\/1-PN-MOBILE-3-1024x1024.png 1024w, https:\/\/glaciarium.com\/es\/wp-content\/uploads\/2022\/12\/1-PN-MOBILE-3-150x150.png 150w, https:\/\/glaciarium.com\/es\/wp-content\/uploads\/2022\/12\/1-PN-MOBILE-3-768x768.png 768w\" sizes=\"(max-width: 1441px) 100vw, 1441px\" \/>\t\t\t\t\t\t\t\t\t\t\t\t\t\t\t<\/div>\n\t\t\t\t<\/div>\n\t\t\t\t\t<\/div>\n\t\t<\/div>\n\t\t\t\t\t<\/div>\n\t\t<\/section>\n\t\t\t\t<section class=\"elementor-section elementor-top-section elementor-element elementor-element-5aa29b4c elementor-section-boxed elementor-section-height-default elementor-section-height-default\" data-id=\"5aa29b4c\" data-element_type=\"section\" data-e-type=\"section\" data-settings=\"{&quot;background_background&quot;:&quot;classic&quot;}\">\n\t\t\t\t\t\t\t<div class=\"elementor-background-overlay\"><\/div>\n\t\t\t\t\t\t\t<div class=\"elementor-container elementor-column-gap-default\">\n\t\t\t\t\t<div class=\"elementor-column elementor-col-100 elementor-top-column elementor-element elementor-element-295708ea\" data-id=\"295708ea\" data-element_type=\"column\" data-e-type=\"column\">\n\t\t\t<div class=\"elementor-widget-wrap elementor-element-populated\">\n\t\t\t\t\t\t<div class=\"elementor-element elementor-element-2513b744 elementor-widget elementor-widget-text-editor\" data-id=\"2513b744\" data-element_type=\"widget\" data-e-type=\"widget\" data-widget_type=\"text-editor.default\">\n\t\t\t\t<div class=\"elementor-widget-container\">\n\t\t\t\t\t\t\t\t\t<p style=\"text-align: center;\">\u201cLos fondos de los valles fueron ocupados por grandes lagos de aguas lechosas (aspecto otorgado por finas part\u00edculas en suspensi\u00f3n) y sus laderas se cubrieron con frondosos bosques\u201d.\u00a0<\/p>\t\t\t\t\t\t\t\t<\/div>\n\t\t\t\t<\/div>\n\t\t\t\t\t<\/div>\n\t\t<\/div>\n\t\t\t\t\t<\/div>\n\t\t<\/section>\n\t\t\t\t<section class=\"elementor-section elementor-top-section elementor-element elementor-element-54bc6266 justifyTxt elementor-section-boxed elementor-section-height-default elementor-section-height-default\" data-id=\"54bc6266\" data-element_type=\"section\" data-e-type=\"section\" data-settings=\"{&quot;background_background&quot;:&quot;classic&quot;}\">\n\t\t\t\t\t\t\t<div class=\"elementor-background-overlay\"><\/div>\n\t\t\t\t\t\t\t<div class=\"elementor-container elementor-column-gap-default\">\n\t\t\t\t\t<div class=\"elementor-column elementor-col-33 elementor-top-column elementor-element elementor-element-7b610574\" data-id=\"7b610574\" data-element_type=\"column\" data-e-type=\"column\">\n\t\t\t<div class=\"elementor-widget-wrap elementor-element-populated\">\n\t\t\t\t\t\t<div class=\"elementor-element elementor-element-5cf1d65c elementor-widget elementor-widget-text-editor\" data-id=\"5cf1d65c\" data-element_type=\"widget\" data-e-type=\"widget\" data-widget_type=\"text-editor.default\">\n\t\t\t\t<div class=\"elementor-widget-container\">\n\t\t\t\t\t\t\t\t\t<p>Desde el Hielo Patagonico Sur grandes glaciares. El m\u00e1s conocido de los glaciares es el Perito Moreno, al igual que otros descarga en el Lago Argentino.<strong>El glaciar Upsala<\/strong>, ubicado sobre el Brazo norte, es el de mayor tama\u00f1o que llega al mismo lago. <strong>El glaciar Viedma<\/strong> es el mayor del pa\u00eds, y descarga en el Lago hom\u00f3nimo, en el sector norte del Parque, donde tambi\u00e9n se encuentra <strong>Fitz Roy<\/strong> que se destaca por su altura y por su monumental aspecto con el entorno de los cordones cordilleranos circundantes.\u00a0<\/p>\t\t\t\t\t\t\t\t<\/div>\n\t\t\t\t<\/div>\n\t\t\t\t\t<\/div>\n\t\t<\/div>\n\t\t\t\t<div class=\"elementor-column elementor-col-33 elementor-top-column elementor-element elementor-element-68d6d1c3\" data-id=\"68d6d1c3\" data-element_type=\"column\" data-e-type=\"column\">\n\t\t\t<div class=\"elementor-widget-wrap elementor-element-populated\">\n\t\t\t\t\t\t<div class=\"elementor-element elementor-element-2c16721d elementor-widget elementor-widget-text-editor\" data-id=\"2c16721d\" data-element_type=\"widget\" data-e-type=\"widget\" data-widget_type=\"text-editor.default\">\n\t\t\t\t<div class=\"elementor-widget-container\">\n\t\t\t\t\t\t\t\t\t<p><span style=\"white-space: pre-wrap;\">El m\u00e1s \u00e1rido de los ambientes del parque es la estepa. <strong>En ella la vegetaci\u00f3n est\u00e1 compuesta por plantas adaptadas a condiciones de escasa humedad y fuertes vientos.<\/strong> Los arbustos peque\u00f1os y espinosos, junto con los pastos de hojas duras, proveen cierta protecci\u00f3n al suelo evitando que este se erosione. <br \/>La disminuci\u00f3n de las precipitaciones hacia el este del \u00e1rea, genera un cambio en el paisaje.<\/span><\/p>\t\t\t\t\t\t\t\t<\/div>\n\t\t\t\t<\/div>\n\t\t\t\t\t<\/div>\n\t\t<\/div>\n\t\t\t\t<div class=\"elementor-column elementor-col-33 elementor-top-column elementor-element elementor-element-5358f27d\" data-id=\"5358f27d\" data-element_type=\"column\" data-e-type=\"column\">\n\t\t\t<div class=\"elementor-widget-wrap elementor-element-populated\">\n\t\t\t\t\t\t<div class=\"elementor-element elementor-element-1663e327 elementor-widget elementor-widget-text-editor\" data-id=\"1663e327\" data-element_type=\"widget\" data-e-type=\"widget\" data-widget_type=\"text-editor.default\">\n\t\t\t\t<div class=\"elementor-widget-container\">\n\t\t\t\t\t\t\t\t\t<p><span style=\"white-space: pre-wrap;\">Se desarrolla all\u00ed una <strong>zona de transici\u00f3n (ecotono)<\/strong> en la que se encuentran especies t\u00edpicas del bosque conviviendo con otras caracter\u00edsticas de la estepa. As\u00ed, grupos de \u00f1ires y lengas se intercalan entre matorrales de calafate y notro con zonas abiertas cubiertas por pastizales en los que domina el coir\u00f3n.<\/span><\/p>\t\t\t\t\t\t\t\t<\/div>\n\t\t\t\t<\/div>\n\t\t\t\t\t<\/div>\n\t\t<\/div>\n\t\t\t\t\t<\/div>\n\t\t<\/section>\n\t\t\t\t<section class=\"elementor-section elementor-top-section elementor-element elementor-element-6b7d7ea justifyTxt elementor-section-boxed elementor-section-height-default elementor-section-height-default\" data-id=\"6b7d7ea\" data-element_type=\"section\" data-e-type=\"section\" data-settings=\"{&quot;background_background&quot;:&quot;classic&quot;}\">\n\t\t\t\t\t\t\t<div class=\"elementor-background-overlay\"><\/div>\n\t\t\t\t\t\t\t<div class=\"elementor-container elementor-column-gap-default\">\n\t\t\t\t\t<div class=\"elementor-column elementor-col-33 elementor-top-column elementor-element elementor-element-7392a268\" data-id=\"7392a268\" data-element_type=\"column\" data-e-type=\"column\">\n\t\t\t<div class=\"elementor-widget-wrap elementor-element-populated\">\n\t\t\t\t\t\t<div class=\"elementor-element elementor-element-117da3f5 elementor-widget elementor-widget-text-editor\" data-id=\"117da3f5\" data-element_type=\"widget\" data-e-type=\"widget\" data-widget_type=\"text-editor.default\">\n\t\t\t\t<div class=\"elementor-widget-container\">\n\t\t\t\t\t\t\t\t\t<p><span style=\"white-space: pre-wrap;\">En las alturas, por sobre los 1100 m.s.n.m., los fuertes vientos, las bajas temperaturas y las nevadas no favorecen el crecimiento de la vegetaci\u00f3n. Las pocas y peque\u00f1as plantas, que cubren escasamente el suelo, se encuentran adaptadas para cumplir su ciclo de vida en el corto per\u00edodo en que las condiciones clim\u00e1ticas lo permiten. Las laderas y zonas bajas son ocupadas por bosques, cuya composici\u00f3n tambi\u00e9n depende de la altura y las condiciones clim\u00e1ticas. <br \/>Sin embargo, las especies predominantes pertenecen a un mismo grupo, los <strong>Nothofagus<\/strong>, representados en el parque por tres tipos: la lenga; que se encuentra pr\u00e1cticamente en toda el \u00e1rea; el \u00f1ire y el coihue o guindo.\u00a0<\/span><\/p>\t\t\t\t\t\t\t\t<\/div>\n\t\t\t\t<\/div>\n\t\t\t\t\t<\/div>\n\t\t<\/div>\n\t\t\t\t<div class=\"elementor-column elementor-col-33 elementor-top-column elementor-element elementor-element-4cfc4e27\" data-id=\"4cfc4e27\" data-element_type=\"column\" data-e-type=\"column\">\n\t\t\t<div class=\"elementor-widget-wrap elementor-element-populated\">\n\t\t\t\t\t\t<div class=\"elementor-element elementor-element-5f2daadf elementor-widget elementor-widget-text-editor\" data-id=\"5f2daadf\" data-element_type=\"widget\" data-e-type=\"widget\" data-widget_type=\"text-editor.default\">\n\t\t\t\t<div class=\"elementor-widget-container\">\n\t\t\t\t\t\t\t\t\t<p>Los bosques subant\u00e1rticos son frecuentados por mam\u00edferos, dif\u00edciles de observar, como el gato mont\u00e9s, el hur\u00f3n y el huemul. Otros mam\u00edferos son m\u00e1s posibles de ver en el parque, tal es el caso del zorro colorado y el puma. Tambi\u00e9n es habitual el c\u00f3ndor y aves gran\u00edvoras como las agachonas y los yales, adem\u00e1s de peque\u00f1os roedores. Varias aves encuentran comida y refugio en estos bosques. <br \/>Entre las que hallamos a las cotorras australes o cacha\u00f1as y los peque\u00f1os rayaditos. Los carpinteros patag\u00f3nicos se identifican mediante tamboreos.<br \/>El pato de los torrentes captura sus alimentos buceando en los correntosos cursos de agua, tambi\u00e9n frecuentados por las remolineras.\u00a0<\/p>\t\t\t\t\t\t\t\t<\/div>\n\t\t\t\t<\/div>\n\t\t\t\t\t<\/div>\n\t\t<\/div>\n\t\t\t\t<div class=\"elementor-column elementor-col-33 elementor-top-column elementor-element elementor-element-6a9a95ee\" data-id=\"6a9a95ee\" data-element_type=\"column\" data-e-type=\"column\">\n\t\t\t<div class=\"elementor-widget-wrap elementor-element-populated\">\n\t\t\t\t\t\t<div class=\"elementor-element elementor-element-4b2e3718 elementor-widget elementor-widget-text-editor\" data-id=\"4b2e3718\" data-element_type=\"widget\" data-e-type=\"widget\" data-widget_type=\"text-editor.default\">\n\t\t\t\t<div class=\"elementor-widget-container\">\n\t\t\t\t\t\t\t\t\t<p>En las praderas, presentes en las peque\u00f1as \u00e1reas abiertas, que cuentan con reducidos cuerpos de agua, habitan bandurrias, cauquenes, distintas especies de patos y un anfibio conocido como \u00abranita de cuatro ojos\u00bb. Debido a su espectacular belleza, su inter\u00e9s glaciol\u00f3gico y geomorfol\u00f3gico, y las especies de su fauna en peligro de extinci\u00f3n.<\/p>\t\t\t\t\t\t\t\t<\/div>\n\t\t\t\t<\/div>\n\t\t\t\t\t<\/div>\n\t\t<\/div>\n\t\t\t\t\t<\/div>\n\t\t<\/section>\n\t\t\t\t<section class=\"elementor-section elementor-top-section elementor-element elementor-element-6fb5b35c elementor-section-boxed elementor-section-height-default elementor-section-height-default\" data-id=\"6fb5b35c\" data-element_type=\"section\" data-e-type=\"section\" data-settings=\"{&quot;background_background&quot;:&quot;classic&quot;}\">\n\t\t\t\t\t\t\t<div class=\"elementor-background-overlay\"><\/div>\n\t\t\t\t\t\t\t<div class=\"elementor-container elementor-column-gap-default\">\n\t\t\t\t\t<div class=\"elementor-column elementor-col-100 elementor-top-column elementor-element elementor-element-3b01c76a\" data-id=\"3b01c76a\" data-element_type=\"column\" data-e-type=\"column\">\n\t\t\t<div class=\"elementor-widget-wrap elementor-element-populated\">\n\t\t\t\t\t\t<div class=\"elementor-element elementor-element-61139f48 elementor-widget elementor-widget-text-editor\" data-id=\"61139f48\" data-element_type=\"widget\" data-e-type=\"widget\" data-widget_type=\"text-editor.default\">\n\t\t\t\t<div class=\"elementor-widget-container\">\n\t\t\t\t\t\t\t\t\t<p style=\"text-align: center;\"><span style=\"white-space: pre-wrap;\"> La UNESCO en 1981 declar\u00f3 este lugar como Sitio de Patrimonio Mundial de la Humanidad.<\/span><\/p>\t\t\t\t\t\t\t\t<\/div>\n\t\t\t\t<\/div>\n\t\t\t\t\t<\/div>\n\t\t<\/div>\n\t\t\t\t\t<\/div>\n\t\t<\/section>\n\t\t\t\t<section class=\"elementor-section elementor-top-section elementor-element elementor-element-35b66173 elementor-section-full_width elementor-section-stretched elementor-section-height-default elementor-section-height-default\" data-id=\"35b66173\" data-element_type=\"section\" data-e-type=\"section\" data-settings=\"{&quot;background_background&quot;:&quot;classic&quot;,&quot;stretch_section&quot;:&quot;section-stretched&quot;}\">\n\t\t\t\t\t\t\t<div class=\"elementor-background-overlay\"><\/div>\n\t\t\t\t\t\t\t<div class=\"elementor-container elementor-column-gap-no\">\n\t\t\t\t\t<div class=\"elementor-column elementor-col-100 elementor-top-column elementor-element elementor-element-21927fc6\" data-id=\"21927fc6\" data-element_type=\"column\" data-e-type=\"column\">\n\t\t\t<div class=\"elementor-widget-wrap elementor-element-populated\">\n\t\t\t\t\t\t<div class=\"elementor-element elementor-element-373926fe elementor-hidden-mobile elementor-widget__width-inherit elementor-widget elementor-widget-image\" data-id=\"373926fe\" data-element_type=\"widget\" data-e-type=\"widget\" data-widget_type=\"image.default\">\n\t\t\t\t<div class=\"elementor-widget-container\">\n\t\t\t\t\t\t\t\t\t\t\t\t\t\t\t<img decoding=\"async\" width=\"1441\" height=\"512\" src=\"https:\/\/glaciarium.com\/es\/wp-content\/uploads\/2023\/01\/recursos-naturales-1-jpg.webp\" class=\"attachment-full size-full wp-image-1321\" alt=\"\" srcset=\"https:\/\/glaciarium.com\/es\/wp-content\/uploads\/2023\/01\/recursos-naturales-1-jpg.webp 1441w, https:\/\/glaciarium.com\/es\/wp-content\/uploads\/2023\/01\/recursos-naturales-1-300x107.webp 300w, https:\/\/glaciarium.com\/es\/wp-content\/uploads\/2023\/01\/recursos-naturales-1-1024x364.webp 1024w, https:\/\/glaciarium.com\/es\/wp-content\/uploads\/2023\/01\/recursos-naturales-1-768x273.webp 768w\" sizes=\"(max-width: 1441px) 100vw, 1441px\" \/>\t\t\t\t\t\t\t\t\t\t\t\t\t\t\t<\/div>\n\t\t\t\t<\/div>\n\t\t\t\t\t<\/div>\n\t\t<\/div>\n\t\t\t\t\t<\/div>\n\t\t<\/section>\n\t\t\t\t<\/div>\n\t\t","protected":false},"excerpt":{"rendered":"<p>\u201cLos fondos de los valles fueron ocupados por grandes lagos de aguas lechosas (aspecto otorgado por finas part\u00edculas en suspensi\u00f3n) y sus laderas se cubrieron con frondosos bosques\u201d.\u00a0 Desde el Hielo Patagonico Sur grandes glaciares. El m\u00e1s conocido de los glaciares es el Perito Moreno, al igual que otros descarga en el Lago Argentino.El glaciar [&hellip;]<\/p>\n","protected":false},"author":1,"featured_media":0,"parent":0,"menu_order":0,"comment_status":"closed","ping_status":"closed","template":"","meta":{"footnotes":""},"class_list":["post-105","page","type-page","status-publish","hentry"],"_links":{"self":[{"href":"https:\/\/glaciarium.com\/es\/wp-json\/wp\/v2\/pages\/105","targetHints":{"allow":["GET"]}}],"collection":[{"href":"https:\/\/glaciarium.com\/es\/wp-json\/wp\/v2\/pages"}],"about":[{"href":"https:\/\/glaciarium.com\/es\/wp-json\/wp\/v2\/types\/page"}],"author":[{"embeddable":true,"href":"https:\/\/glaciarium.com\/es\/wp-json\/wp\/v2\/users\/1"}],"replies":[{"embeddable":true,"href":"https:\/\/glaciarium.com\/es\/wp-json\/wp\/v2\/comments?post=105"}],"version-history":[{"count":48,"href":"https:\/\/glaciarium.com\/es\/wp-json\/wp\/v2\/pages\/105\/revisions"}],"predecessor-version":[{"id":1611,"href":"https:\/\/glaciarium.com\/es\/wp-json\/wp\/v2\/pages\/105\/revisions\/1611"}],"wp:attachment":[{"href":"https:\/\/glaciarium.com\/es\/wp-json\/wp\/v2\/media?parent=105"}],"curies":[{"name":"wp","href":"https:\/\/api.w.org\/{rel}","templated":true}]}}