{"id":236,"date":"2022-12-22T17:00:35","date_gmt":"2022-12-22T20:00:35","guid":{"rendered":"https:\/\/glaciarium.com\/nueva_web\/?page_id=236"},"modified":"2023-02-01T11:14:50","modified_gmt":"2023-02-01T14:14:50","slug":"plano-del-lugar","status":"publish","type":"page","link":"https:\/\/glaciarium.com\/es\/plano-del-lugar\/","title":{"rendered":"plano del lugar"},"content":{"rendered":"\t\t<div data-elementor-type=\"wp-page\" data-elementor-id=\"236\" class=\"elementor elementor-236\">\n\t\t\t\t\t\t<section class=\"elementor-section elementor-top-section elementor-element elementor-element-7935001e elementor-section-boxed elementor-section-height-default elementor-section-height-default\" data-id=\"7935001e\" data-element_type=\"section\" data-e-type=\"section\">\n\t\t\t\t\t\t<div class=\"elementor-container elementor-column-gap-no\">\n\t\t\t\t\t<div class=\"elementor-column elementor-col-100 elementor-top-column elementor-element elementor-element-73aff3b9\" data-id=\"73aff3b9\" data-element_type=\"column\" data-e-type=\"column\">\n\t\t\t<div class=\"elementor-widget-wrap\">\n\t\t\t\t\t\t\t<\/div>\n\t\t<\/div>\n\t\t\t\t\t<\/div>\n\t\t<\/section>\n\t\t\t\t<section class=\"elementor-section elementor-top-section elementor-element elementor-element-3ab6e420 elementor-reverse-mobile elementor-section-boxed elementor-section-height-default elementor-section-height-default\" data-id=\"3ab6e420\" data-element_type=\"section\" data-e-type=\"section\" data-settings=\"{&quot;background_background&quot;:&quot;classic&quot;}\">\n\t\t\t\t\t\t<div class=\"elementor-container elementor-column-gap-no\">\n\t\t\t\t\t<div class=\"elementor-column elementor-col-50 elementor-top-column elementor-element elementor-element-7002e421\" data-id=\"7002e421\" data-element_type=\"column\" data-e-type=\"column\">\n\t\t\t<div class=\"elementor-widget-wrap elementor-element-populated\">\n\t\t\t\t\t\t<div class=\"elementor-element elementor-element-84ff0e2 elementor-widget elementor-widget-heading\" data-id=\"84ff0e2\" data-element_type=\"widget\" data-e-type=\"widget\" data-widget_type=\"heading.default\">\n\t\t\t\t<div class=\"elementor-widget-container\">\n\t\t\t\t\t<h1 class=\"elementor-heading-title elementor-size-default\">El centro<\/h1>\t\t\t\t<\/div>\n\t\t\t\t<\/div>\n\t\t\t\t<div class=\"elementor-element elementor-element-b657008 elementor-widget elementor-widget-text-editor\" data-id=\"b657008\" data-element_type=\"widget\" data-e-type=\"widget\" data-widget_type=\"text-editor.default\">\n\t\t\t\t<div class=\"elementor-widget-container\">\n\t\t\t\t\t\t\t\t\t<p>Los contenidos se desarrollan en dos pabellones y utilizan modernos recursos. Se ingresa por un pasillo, guiados por el agradable sonido del agua de deshielo que gotea y comienza la sorpresa. Paneles describen de la formaci\u00f3n del hielo, la historia de exploradores y cient\u00edficos, ilustradas por fotograf\u00edas de importantes fot\u00f3grafos argentinos y extranjeros. Mas all\u00e1 una gran maqueta que presenta el Campo de Hielo Patag\u00f3nico Sur, origen de los glaciares que admiraremos durante la visita a la zona. Pantallas interactivas que permiten visualizar, por ejemplo el retroceso del glaciar Upsala. Tambi\u00e9n un \u00e1rea en homenaje a Francisco Pascasio Moreno, un gran hombre; parece que \u00e9l esta all\u00ed para contagiarnos su entusiasmo por los paisajes argentinos.<\/p>\n\n<p>El sector dedicado al Glaciar Perito Moreno, explica en detalle su comportamiento, es parte tambi\u00e9n de la visita. El recorrido termina en un t\u00fanel que despierta sensaciones a trav\u00e9s de un interesante sistema de proyecciones simult\u00e1neas. Nos pone en alerta roja. Nos enfrenta a la realidad a la cual el cambio clim\u00e1tico esta llevando al planeta. Todo esto es parte del legado que el visitante se lleva al visitar Glaciarium.<\/p>\n\n<p>Sala de Exposiciones (10 m x 9 m): independiente a la muestra es el paso obligado al auditorio. En sus amplias paredes se presentan muestras de fotograf\u00eda y pintura. Es un \u00e1mbito ideal que puede oficiar de sal\u00f3n de eventos en caso de ser requerido. Un lugar para hacer una pausa, y recorrer la muestra itinerante.<\/p>\t\t\t\t\t\t\t\t<\/div>\n\t\t\t\t<\/div>\n\t\t\t\t\t<\/div>\n\t\t<\/div>\n\t\t\t\t<div class=\"elementor-column elementor-col-50 elementor-top-column elementor-element elementor-element-3ab7da06\" data-id=\"3ab7da06\" data-element_type=\"column\" data-e-type=\"column\" data-settings=\"{&quot;background_background&quot;:&quot;classic&quot;}\">\n\t\t\t<div class=\"elementor-widget-wrap elementor-element-populated\">\n\t\t\t\t\t\t<div class=\"elementor-element elementor-element-21402b6a elementor-widget elementor-widget-image\" data-id=\"21402b6a\" data-element_type=\"widget\" data-e-type=\"widget\" data-widget_type=\"image.default\">\n\t\t\t\t<div class=\"elementor-widget-container\">\n\t\t\t\t\t\t\t\t\t\t\t\t\t\t\t<img fetchpriority=\"high\" decoding=\"async\" width=\"1052\" height=\"1052\" src=\"https:\/\/glaciarium.com\/es\/wp-content\/uploads\/2023\/02\/MAPA-PARA-WEB-jpg.webp\" class=\"attachment-full size-full wp-image-1404\" alt=\"\" srcset=\"https:\/\/glaciarium.com\/es\/wp-content\/uploads\/2023\/02\/MAPA-PARA-WEB-jpg.webp 1052w, https:\/\/glaciarium.com\/es\/wp-content\/uploads\/2023\/02\/MAPA-PARA-WEB-300x300.webp 300w, https:\/\/glaciarium.com\/es\/wp-content\/uploads\/2023\/02\/MAPA-PARA-WEB-1024x1024.webp 1024w, https:\/\/glaciarium.com\/es\/wp-content\/uploads\/2023\/02\/MAPA-PARA-WEB-150x150.webp 150w, https:\/\/glaciarium.com\/es\/wp-content\/uploads\/2023\/02\/MAPA-PARA-WEB-768x768.webp 768w\" sizes=\"(max-width: 1052px) 100vw, 1052px\" \/>\t\t\t\t\t\t\t\t\t\t\t\t\t\t\t<\/div>\n\t\t\t\t<\/div>\n\t\t\t\t\t<\/div>\n\t\t<\/div>\n\t\t\t\t\t<\/div>\n\t\t<\/section>\n\t\t\t\t<section class=\"elementor-section elementor-top-section elementor-element elementor-element-b218295 elementor-section-boxed elementor-section-height-default elementor-section-height-default\" data-id=\"b218295\" data-element_type=\"section\" data-e-type=\"section\">\n\t\t\t\t\t\t<div class=\"elementor-container elementor-column-gap-no\">\n\t\t\t\t\t<div class=\"elementor-column elementor-col-100 elementor-top-column elementor-element elementor-element-1b04ef33\" data-id=\"1b04ef33\" data-element_type=\"column\" data-e-type=\"column\">\n\t\t\t<div class=\"elementor-widget-wrap elementor-element-populated\">\n\t\t\t\t\t\t<div class=\"elementor-element elementor-element-6796336b elementor-hidden-mobile elementor-widget elementor-widget-image\" data-id=\"6796336b\" data-element_type=\"widget\" data-e-type=\"widget\" data-widget_type=\"image.default\">\n\t\t\t\t<div class=\"elementor-widget-container\">\n\t\t\t\t\t\t\t\t\t\t\t\t\t\t\t\t<a href=\"\/es\/traslados\/\">\n\t\t\t\t\t\t\t<img decoding=\"async\" src=\"https:\/\/glaciarium.com\/nueva_web\/wp-content\/uploads\/2022\/12\/transfer-1.jpg\" title=\"\" alt=\"\" loading=\"lazy\" \/>\t\t\t\t\t\t\t\t<\/a>\n\t\t\t\t\t\t\t\t\t\t\t\t\t\t\t<\/div>\n\t\t\t\t<\/div>\n\t\t\t\t\t<\/div>\n\t\t<\/div>\n\t\t\t\t\t<\/div>\n\t\t<\/section>\n\t\t\t\t<section class=\"elementor-section elementor-top-section elementor-element elementor-element-e91e8be elementor-section-boxed elementor-section-height-default elementor-section-height-default\" data-id=\"e91e8be\" data-element_type=\"section\" data-e-type=\"section\">\n\t\t\t\t\t\t<div class=\"elementor-container elementor-column-gap-no\">\n\t\t\t\t\t<div class=\"elementor-column elementor-col-100 elementor-top-column elementor-element elementor-element-72a8e3c\" data-id=\"72a8e3c\" data-element_type=\"column\" data-e-type=\"column\">\n\t\t\t<div class=\"elementor-widget-wrap elementor-element-populated\">\n\t\t\t\t\t\t<div class=\"elementor-element elementor-element-e82838e elementor-hidden-desktop elementor-hidden-tablet elementor-widget elementor-widget-image\" data-id=\"e82838e\" data-element_type=\"widget\" data-e-type=\"widget\" data-widget_type=\"image.default\">\n\t\t\t\t<div class=\"elementor-widget-container\">\n\t\t\t\t\t\t\t\t\t\t\t\t\t\t\t\t<a href=\"\/es\/traslados\">\n\t\t\t\t\t\t\t<img decoding=\"async\" width=\"1140\" height=\"200\" src=\"https:\/\/glaciarium.com\/es\/wp-content\/uploads\/2022\/12\/free-transfer.png\" class=\"attachment-full size-full wp-image-472\" alt=\"\" srcset=\"https:\/\/glaciarium.com\/es\/wp-content\/uploads\/2022\/12\/free-transfer.png 1140w, https:\/\/glaciarium.com\/es\/wp-content\/uploads\/2022\/12\/free-transfer-300x53.png 300w, https:\/\/glaciarium.com\/es\/wp-content\/uploads\/2022\/12\/free-transfer-1024x180.png 1024w, https:\/\/glaciarium.com\/es\/wp-content\/uploads\/2022\/12\/free-transfer-768x135.png 768w\" sizes=\"(max-width: 1140px) 100vw, 1140px\" \/>\t\t\t\t\t\t\t\t<\/a>\n\t\t\t\t\t\t\t\t\t\t\t\t\t\t\t<\/div>\n\t\t\t\t<\/div>\n\t\t\t\t\t<\/div>\n\t\t<\/div>\n\t\t\t\t\t<\/div>\n\t\t<\/section>\n\t\t\t\t<\/div>\n\t\t","protected":false},"excerpt":{"rendered":"<p>El centro Los contenidos se desarrollan en dos pabellones y utilizan modernos recursos. Se ingresa por un pasillo, guiados por el agradable sonido del agua de deshielo que gotea y comienza la sorpresa. Paneles describen de la formaci\u00f3n del hielo, la historia de exploradores y cient\u00edficos, ilustradas por fotograf\u00edas de importantes fot\u00f3grafos argentinos y extranjeros. [&hellip;]<\/p>\n","protected":false},"author":1,"featured_media":0,"parent":0,"menu_order":0,"comment_status":"closed","ping_status":"closed","template":"","meta":{"footnotes":""},"class_list":["post-236","page","type-page","status-publish","hentry"],"_links":{"self":[{"href":"https:\/\/glaciarium.com\/es\/wp-json\/wp\/v2\/pages\/236","targetHints":{"allow":["GET"]}}],"collection":[{"href":"https:\/\/glaciarium.com\/es\/wp-json\/wp\/v2\/pages"}],"about":[{"href":"https:\/\/glaciarium.com\/es\/wp-json\/wp\/v2\/types\/page"}],"author":[{"embeddable":true,"href":"https:\/\/glaciarium.com\/es\/wp-json\/wp\/v2\/users\/1"}],"replies":[{"embeddable":true,"href":"https:\/\/glaciarium.com\/es\/wp-json\/wp\/v2\/comments?post=236"}],"version-history":[{"count":94,"href":"https:\/\/glaciarium.com\/es\/wp-json\/wp\/v2\/pages\/236\/revisions"}],"predecessor-version":[{"id":1428,"href":"https:\/\/glaciarium.com\/es\/wp-json\/wp\/v2\/pages\/236\/revisions\/1428"}],"wp:attachment":[{"href":"https:\/\/glaciarium.com\/es\/wp-json\/wp\/v2\/media?parent=236"}],"curies":[{"name":"wp","href":"https:\/\/api.w.org\/{rel}","templated":true}]}}