{"id":238,"date":"2022-12-22T17:00:35","date_gmt":"2022-12-22T20:00:35","guid":{"rendered":"https:\/\/glaciarium.com\/nueva_web\/?page_id=238"},"modified":"2026-02-02T15:51:44","modified_gmt":"2026-02-02T18:51:44","slug":"eco-shop","status":"publish","type":"page","link":"https:\/\/glaciarium.com\/es\/eco-shop\/","title":{"rendered":"eco shop"},"content":{"rendered":"\t\t<div data-elementor-type=\"wp-page\" data-elementor-id=\"238\" class=\"elementor elementor-238\">\n\t\t\t\t\t\t<section class=\"elementor-section elementor-top-section elementor-element elementor-element-5e7afbca elementor-section-boxed elementor-section-height-default elementor-section-height-default\" data-id=\"5e7afbca\" data-element_type=\"section\" data-e-type=\"section\">\n\t\t\t\t\t\t<div class=\"elementor-container elementor-column-gap-no\">\n\t\t\t\t\t<div class=\"elementor-column elementor-col-100 elementor-top-column elementor-element elementor-element-651008b3\" data-id=\"651008b3\" data-element_type=\"column\" data-e-type=\"column\">\n\t\t\t<div class=\"elementor-widget-wrap\">\n\t\t\t\t\t\t\t<\/div>\n\t\t<\/div>\n\t\t\t\t\t<\/div>\n\t\t<\/section>\n\t\t\t\t<section class=\"elementor-section elementor-top-section elementor-element elementor-element-2287e1ce elementor-reverse-mobile elementor-section-boxed elementor-section-height-default elementor-section-height-default\" data-id=\"2287e1ce\" data-element_type=\"section\" data-e-type=\"section\">\n\t\t\t\t\t\t<div class=\"elementor-container elementor-column-gap-no\">\n\t\t\t\t\t<div class=\"elementor-column elementor-col-50 elementor-top-column elementor-element elementor-element-406b8bf5\" data-id=\"406b8bf5\" data-element_type=\"column\" data-e-type=\"column\">\n\t\t\t<div class=\"elementor-widget-wrap elementor-element-populated\">\n\t\t\t\t\t\t<div class=\"elementor-element elementor-element-2c460a00 elementor-widget elementor-widget-heading\" data-id=\"2c460a00\" data-element_type=\"widget\" data-e-type=\"widget\" data-widget_type=\"heading.default\">\n\t\t\t\t<div class=\"elementor-widget-container\">\n\t\t\t\t\t<h1 class=\"elementor-heading-title elementor-size-default\">Ecoshop<\/h1>\t\t\t\t<\/div>\n\t\t\t\t<\/div>\n\t\t\t\t<div class=\"elementor-element elementor-element-4e903047 elementor-widget elementor-widget-text-editor\" data-id=\"4e903047\" data-element_type=\"widget\" data-e-type=\"widget\" data-widget_type=\"text-editor.default\">\n\t\t\t\t<div class=\"elementor-widget-container\">\n\t\t\t\t\t\t\t\t\t<p>Glaciarium cuenta con un completo Gift Shop donde podran encontrar los mejores regalos para llevar a casa.<\/p><p>A trav\u00e9s de nuestra regaler\u00eda buscamos potenciar productos nacionales de creadores con conciencia ecol\u00f3gica.<\/p><p>Con una extensa variedad de productos: desde jabones y cremas de origen vegetal hasta libros de fotograf\u00eda de la regi\u00f3n Patag\u00f3nica.<\/p><p>Y como siempre contamos con una l\u00ednea de remeras de algod\u00f3n, con ilustraciones de Glaciarium.<\/p><p>\u00a1Los esperamos!<\/p>\t\t\t\t\t\t\t\t<\/div>\n\t\t\t\t<\/div>\n\t\t\t\t\t<\/div>\n\t\t<\/div>\n\t\t\t\t<div class=\"elementor-column elementor-col-50 elementor-top-column elementor-element elementor-element-5816cdfa\" data-id=\"5816cdfa\" data-element_type=\"column\" data-e-type=\"column\">\n\t\t\t<div class=\"elementor-widget-wrap elementor-element-populated\">\n\t\t\t\t\t\t<div class=\"elementor-element elementor-element-10c72cd elementor-pagination-position-inside elementor-widget elementor-widget-image-carousel\" data-id=\"10c72cd\" data-element_type=\"widget\" data-e-type=\"widget\" data-settings=\"{&quot;slides_to_show&quot;:&quot;1&quot;,&quot;navigation&quot;:&quot;dots&quot;,&quot;lazyload&quot;:&quot;yes&quot;,&quot;autoplay&quot;:&quot;yes&quot;,&quot;pause_on_hover&quot;:&quot;yes&quot;,&quot;pause_on_interaction&quot;:&quot;yes&quot;,&quot;autoplay_speed&quot;:5000,&quot;infinite&quot;:&quot;yes&quot;,&quot;effect&quot;:&quot;slide&quot;,&quot;speed&quot;:500}\" data-widget_type=\"image-carousel.default\">\n\t\t\t\t<div class=\"elementor-widget-container\">\n\t\t\t\t\t            <div class=\"elementor-image-carousel-wrapper swiper\" role=\"region\" aria-roledescription=\"carousel\" aria-label=\"Carrusel de im\u00e1genes\" dir=\"ltr\">\n                <div class=\"elementor-image-carousel swiper-wrapper\" aria-live=\"off\">\n\t\t\t\t\t\t\t\t\t\t<div class=\"swiper-slide\"><figure class=\"swiper-slide-inner\"><img decoding=\"async\" class=\"swiper-slide-image\" src=\"https:\/\/glaciarium.com\/es\/wp-content\/uploads\/2023\/01\/eco1-768x512.webp\" alt=\"eco1\" \/><\/figure><\/div><div class=\"swiper-slide\"><figure class=\"swiper-slide-inner\"><img decoding=\"async\" class=\"swiper-slide-image\" src=\"https:\/\/glaciarium.com\/es\/wp-content\/uploads\/2023\/01\/eco7-768x512.webp\" alt=\"eco7\" \/><\/figure><\/div><div class=\"swiper-slide\"><figure class=\"swiper-slide-inner\"><img decoding=\"async\" class=\"swiper-slide-image\" src=\"https:\/\/glaciarium.com\/es\/wp-content\/uploads\/2023\/01\/eco6-768x512.webp\" alt=\"eco6\" \/><\/figure><\/div><div class=\"swiper-slide\"><figure class=\"swiper-slide-inner\"><img decoding=\"async\" class=\"swiper-slide-image\" src=\"https:\/\/glaciarium.com\/es\/wp-content\/uploads\/2023\/01\/eco5-768x512.webp\" alt=\"eco5\" \/><\/figure><\/div><div class=\"swiper-slide\"><figure class=\"swiper-slide-inner\"><img decoding=\"async\" class=\"swiper-slide-image\" src=\"https:\/\/glaciarium.com\/es\/wp-content\/uploads\/2023\/01\/eco4-768x512.webp\" alt=\"eco4\" \/><\/figure><\/div><div class=\"swiper-slide\"><figure class=\"swiper-slide-inner\"><img decoding=\"async\" class=\"swiper-slide-image\" src=\"https:\/\/glaciarium.com\/es\/wp-content\/uploads\/2023\/01\/eco3-768x512.webp\" alt=\"eco3\" \/><\/figure><\/div><div class=\"swiper-slide\"><figure class=\"swiper-slide-inner\"><img decoding=\"async\" class=\"swiper-slide-image\" src=\"https:\/\/glaciarium.com\/es\/wp-content\/uploads\/2023\/01\/eco2-768x512.webp\" alt=\"eco2\" \/><\/figure><\/div>                <\/div>\n\t\t\t\t\t\t\t\t\t                        <div class=\"swiper-pagination\"><\/div>\n\t\t\t\t\t\t\t\t\t\t\t\t\t\t            <\/div>\n\t\t\t\t\t\t\t<\/div>\n\t\t\t\t<\/div>\n\t\t\t\t\t<\/div>\n\t\t<\/div>\n\t\t\t\t\t<\/div>\n\t\t<\/section>\n\t\t\t\t<section class=\"elementor-section elementor-top-section elementor-element elementor-element-6dc5a72 elementor-section-boxed elementor-section-height-default elementor-section-height-default\" data-id=\"6dc5a72\" data-element_type=\"section\" data-e-type=\"section\">\n\t\t\t\t\t\t<div class=\"elementor-container elementor-column-gap-default\">\n\t\t\t\t\t<div class=\"elementor-column elementor-col-100 elementor-top-column elementor-element elementor-element-bbbbc99\" data-id=\"bbbbc99\" data-element_type=\"column\" data-e-type=\"column\">\n\t\t\t<div class=\"elementor-widget-wrap\">\n\t\t\t\t\t\t\t<\/div>\n\t\t<\/div>\n\t\t\t\t\t<\/div>\n\t\t<\/section>\n\t\t\t\t<\/div>\n\t\t","protected":false},"excerpt":{"rendered":"<p>Ecoshop Glaciarium cuenta con un completo Gift Shop donde podran encontrar los mejores regalos para llevar a casa. A trav\u00e9s de nuestra regaler\u00eda buscamos potenciar productos nacionales de creadores con conciencia ecol\u00f3gica. Con una extensa variedad de productos: desde jabones y cremas de origen vegetal hasta libros de fotograf\u00eda de la regi\u00f3n Patag\u00f3nica. Y como [&hellip;]<\/p>\n","protected":false},"author":1,"featured_media":0,"parent":0,"menu_order":0,"comment_status":"closed","ping_status":"closed","template":"","meta":{"footnotes":""},"class_list":["post-238","page","type-page","status-publish","hentry"],"_links":{"self":[{"href":"https:\/\/glaciarium.com\/es\/wp-json\/wp\/v2\/pages\/238","targetHints":{"allow":["GET"]}}],"collection":[{"href":"https:\/\/glaciarium.com\/es\/wp-json\/wp\/v2\/pages"}],"about":[{"href":"https:\/\/glaciarium.com\/es\/wp-json\/wp\/v2\/types\/page"}],"author":[{"embeddable":true,"href":"https:\/\/glaciarium.com\/es\/wp-json\/wp\/v2\/users\/1"}],"replies":[{"embeddable":true,"href":"https:\/\/glaciarium.com\/es\/wp-json\/wp\/v2\/comments?post=238"}],"version-history":[{"count":26,"href":"https:\/\/glaciarium.com\/es\/wp-json\/wp\/v2\/pages\/238\/revisions"}],"predecessor-version":[{"id":1686,"href":"https:\/\/glaciarium.com\/es\/wp-json\/wp\/v2\/pages\/238\/revisions\/1686"}],"wp:attachment":[{"href":"https:\/\/glaciarium.com\/es\/wp-json\/wp\/v2\/media?parent=238"}],"curies":[{"name":"wp","href":"https:\/\/api.w.org\/{rel}","templated":true}]}}