{"id":240,"date":"2022-12-22T17:00:35","date_gmt":"2022-12-22T20:00:35","guid":{"rendered":"https:\/\/glaciarium.com\/nueva_web\/?page_id=240"},"modified":"2026-02-02T16:11:29","modified_gmt":"2026-02-02T19:11:29","slug":"historia-calafate","status":"publish","type":"page","link":"https:\/\/glaciarium.com\/es\/historia-calafate\/","title":{"rendered":"historia calafate"},"content":{"rendered":"\t\t<div data-elementor-type=\"wp-page\" data-elementor-id=\"240\" class=\"elementor elementor-240\">\n\t\t\t\t\t\t<section class=\"elementor-section elementor-top-section elementor-element elementor-element-4bf55548 elementor-section-boxed elementor-section-height-default elementor-section-height-default\" data-id=\"4bf55548\" data-element_type=\"section\" data-e-type=\"section\">\n\t\t\t\t\t\t<div class=\"elementor-container elementor-column-gap-no\">\n\t\t\t\t\t<div class=\"elementor-column elementor-col-100 elementor-top-column elementor-element elementor-element-88b872\" data-id=\"88b872\" data-element_type=\"column\" data-e-type=\"column\">\n\t\t\t<div class=\"elementor-widget-wrap\">\n\t\t\t\t\t\t\t<\/div>\n\t\t<\/div>\n\t\t\t\t\t<\/div>\n\t\t<\/section>\n\t\t\t\t<section class=\"elementor-section elementor-top-section elementor-element elementor-element-5c4bdb47 elementor-reverse-mobile elementor-section-boxed elementor-section-height-default elementor-section-height-default\" data-id=\"5c4bdb47\" data-element_type=\"section\" data-e-type=\"section\" data-settings=\"{&quot;background_background&quot;:&quot;classic&quot;}\">\n\t\t\t\t\t\t<div class=\"elementor-container elementor-column-gap-no\">\n\t\t\t\t\t<div class=\"elementor-column elementor-col-50 elementor-top-column elementor-element elementor-element-5d911a84\" data-id=\"5d911a84\" data-element_type=\"column\" data-e-type=\"column\">\n\t\t\t<div class=\"elementor-widget-wrap elementor-element-populated\">\n\t\t\t\t\t\t<div class=\"elementor-element elementor-element-574bf200 elementor-widget elementor-widget-heading\" data-id=\"574bf200\" data-element_type=\"widget\" data-e-type=\"widget\" data-widget_type=\"heading.default\">\n\t\t\t\t<div class=\"elementor-widget-container\">\n\t\t\t\t\t<h1 class=\"elementor-heading-title elementor-size-default\">El Calafate<\/h1>\t\t\t\t<\/div>\n\t\t\t\t<\/div>\n\t\t\t\t<div class=\"elementor-element elementor-element-154813c4 elementor-widget elementor-widget-text-editor\" data-id=\"154813c4\" data-element_type=\"widget\" data-e-type=\"widget\" data-widget_type=\"text-editor.default\">\n\t\t\t\t<div class=\"elementor-widget-container\">\n\t\t\t\t\t\t\t\t\tEl Calafate se encuentra a 320 km de la capital provincial, R\u00edo Gallegos. Debe su notoriedad a ser la puerta de acceso al Parque Nacional Los Glaciares. El Calafate debe su nombre al de un arbusto espinoso, Berberis microphylla, de flores amarillas caracter\u00edstico del sur de la Patagonia, que da unas bayas de color azul oscuro.\t\t\t\t\t\t\t\t<\/div>\n\t\t\t\t<\/div>\n\t\t\t\t<div class=\"elementor-element elementor-element-8c36033 elementor-widget elementor-widget-heading\" data-id=\"8c36033\" data-element_type=\"widget\" data-e-type=\"widget\" data-widget_type=\"heading.default\">\n\t\t\t\t<div class=\"elementor-widget-container\">\n\t\t\t\t\t<h1 class=\"elementor-heading-title elementor-size-default\">Clima<\/h1>\t\t\t\t<\/div>\n\t\t\t\t<\/div>\n\t\t\t\t<div class=\"elementor-element elementor-element-32a5809 elementor-widget elementor-widget-text-editor\" data-id=\"32a5809\" data-element_type=\"widget\" data-e-type=\"widget\" data-widget_type=\"text-editor.default\">\n\t\t\t\t<div class=\"elementor-widget-container\">\n\t\t\t\t\t\t\t\t\t<p>El clima es fr\u00edo y seco, con una amplitud t\u00e9rmica anual no muy marcada. El promedio del mes de enero es de 13\u00b0C alcanz\u00e1ndose los 28\u00b0C, excepcionalmente. En julio el promedio es de 1\u00b0C con m\u00ednimas absolutas de -12\u00b0C. La precipitaciones rondan los 150 mm anuales.<\/p>\t\t\t\t\t\t\t\t<\/div>\n\t\t\t\t<\/div>\n\t\t\t\t<div class=\"elementor-element elementor-element-41bdb70 elementor-widget elementor-widget-heading\" data-id=\"41bdb70\" data-element_type=\"widget\" data-e-type=\"widget\" data-widget_type=\"heading.default\">\n\t\t\t\t<div class=\"elementor-widget-container\">\n\t\t\t\t\t<h1 class=\"elementor-heading-title elementor-size-default\">Conectividad y accesos<\/h1>\t\t\t\t<\/div>\n\t\t\t\t<\/div>\n\t\t\t\t<div class=\"elementor-element elementor-element-dd69798 elementor-widget elementor-widget-text-editor\" data-id=\"dd69798\" data-element_type=\"widget\" data-e-type=\"widget\" data-widget_type=\"text-editor.default\">\n\t\t\t\t<div class=\"elementor-widget-container\">\n\t\t\t\t\t\t\t\t\t<p>La villa tur\u00edstica de El Calafate esta ubicada a 321 km de R\u00edo Gallegos, en el sudoeste de la provincia de Santa Cruz. Desde el norte y por la costa, al este de la provincia, se puede acceder por la Ruta Nacional N\u00ba 3, continuando por las provinciales 5 y 11, totalmente asfaltadas. Otra opci\u00f3n es circular por el oeste, bordeando la cordillera por la Ruta Nacional N\u00ba 40 (de ripio) hasta empalmar con la Ruta Provincial N\u00b0 11 (asfaltada). En direcci\u00f3n sur, El Calafate se vincula con R\u00edo Turbio y los pasos fronterizos Cancha Carrera-Ret\u00e9n El Castillo o bien Mina Uno-Ret\u00e9n Dorotea, que la unen a Torres del Paine (en Chile), por la ruta N\u00b0 40. La ciudad cuenta con servicios regulares de transporte terrestre de pasajeros desde y hacia R\u00edo Gallegos.<\/p><p>Cuenta adem\u00e1s con el moderno Aeropuerto Internacional de El Calafate (c\u00f3digo IATA: FTE), a 23 km al este de la poblaci\u00f3n, cerca de la RP 11, que tiene vuelos diarios aBuenos Aires, Ushuaia, Trelew, Puerto Madryn, Bariloche, R\u00edo Gallegos y Puerto Natales.<\/p>\t\t\t\t\t\t\t\t<\/div>\n\t\t\t\t<\/div>\n\t\t\t\t\t<\/div>\n\t\t<\/div>\n\t\t\t\t<div class=\"elementor-column elementor-col-50 elementor-top-column elementor-element elementor-element-17cb328f\" data-id=\"17cb328f\" data-element_type=\"column\" data-e-type=\"column\" data-settings=\"{&quot;background_background&quot;:&quot;classic&quot;}\">\n\t\t\t<div class=\"elementor-widget-wrap elementor-element-populated\">\n\t\t\t\t\t\t<div class=\"elementor-element elementor-element-30945986 elementor-widget elementor-widget-image\" data-id=\"30945986\" data-element_type=\"widget\" data-e-type=\"widget\" data-widget_type=\"image.default\">\n\t\t\t\t<div class=\"elementor-widget-container\">\n\t\t\t\t\t\t\t\t\t\t\t\t\t\t\t<img fetchpriority=\"high\" decoding=\"async\" width=\"683\" height=\"683\" src=\"https:\/\/glaciarium.com\/es\/wp-content\/uploads\/2023\/01\/calafate_cdro-jpg.webp\" class=\"attachment-medium_large size-medium_large wp-image-1101\" alt=\"\" srcset=\"https:\/\/glaciarium.com\/es\/wp-content\/uploads\/2023\/01\/calafate_cdro-jpg.webp 683w, https:\/\/glaciarium.com\/es\/wp-content\/uploads\/2023\/01\/calafate_cdro-300x300.webp 300w, https:\/\/glaciarium.com\/es\/wp-content\/uploads\/2023\/01\/calafate_cdro-150x150.webp 150w\" sizes=\"(max-width: 683px) 100vw, 683px\" \/>\t\t\t\t\t\t\t\t\t\t\t\t\t\t\t<\/div>\n\t\t\t\t<\/div>\n\t\t\t\t\t<\/div>\n\t\t<\/div>\n\t\t\t\t\t<\/div>\n\t\t<\/section>\n\t\t\t\t<section class=\"elementor-section elementor-top-section elementor-element elementor-element-6f4fffba elementor-section-boxed elementor-section-height-default elementor-section-height-default\" data-id=\"6f4fffba\" data-element_type=\"section\" data-e-type=\"section\">\n\t\t\t\t\t\t<div class=\"elementor-container elementor-column-gap-no\">\n\t\t\t\t\t<div class=\"elementor-column elementor-col-100 elementor-top-column elementor-element elementor-element-3ac7c964\" data-id=\"3ac7c964\" data-element_type=\"column\" data-e-type=\"column\">\n\t\t\t<div class=\"elementor-widget-wrap elementor-element-populated\">\n\t\t\t\t\t\t<div class=\"elementor-element elementor-element-539d96fd elementor-hidden-mobile elementor-widget elementor-widget-image\" data-id=\"539d96fd\" data-element_type=\"widget\" data-e-type=\"widget\" data-widget_type=\"image.default\">\n\t\t\t\t<div class=\"elementor-widget-container\">\n\t\t\t\t\t\t\t\t\t\t\t\t\t\t\t<img decoding=\"async\" width=\"1140\" height=\"486\" src=\"https:\/\/glaciarium.com\/es\/wp-content\/uploads\/2022\/12\/WEB-INFO-UTIL-DISTANCIAS-DESDE-EL-CALAFATE.png\" class=\"attachment-full size-full wp-image-322\" alt=\"tabla de distancias\" srcset=\"https:\/\/glaciarium.com\/es\/wp-content\/uploads\/2022\/12\/WEB-INFO-UTIL-DISTANCIAS-DESDE-EL-CALAFATE.png 1140w, https:\/\/glaciarium.com\/es\/wp-content\/uploads\/2022\/12\/WEB-INFO-UTIL-DISTANCIAS-DESDE-EL-CALAFATE-300x128.png 300w, https:\/\/glaciarium.com\/es\/wp-content\/uploads\/2022\/12\/WEB-INFO-UTIL-DISTANCIAS-DESDE-EL-CALAFATE-1024x437.png 1024w, https:\/\/glaciarium.com\/es\/wp-content\/uploads\/2022\/12\/WEB-INFO-UTIL-DISTANCIAS-DESDE-EL-CALAFATE-768x327.png 768w\" sizes=\"(max-width: 1140px) 100vw, 1140px\" \/>\t\t\t\t\t\t\t\t\t\t\t\t\t\t\t<\/div>\n\t\t\t\t<\/div>\n\t\t\t\t\t<\/div>\n\t\t<\/div>\n\t\t\t\t\t<\/div>\n\t\t<\/section>\n\t\t\t\t<section class=\"elementor-section elementor-top-section elementor-element elementor-element-8cdcdcd elementor-section-boxed elementor-section-height-default elementor-section-height-default\" data-id=\"8cdcdcd\" data-element_type=\"section\" data-e-type=\"section\">\n\t\t\t\t\t\t<div class=\"elementor-container elementor-column-gap-no\">\n\t\t\t\t\t<div class=\"elementor-column elementor-col-100 elementor-top-column elementor-element elementor-element-7c013306\" data-id=\"7c013306\" data-element_type=\"column\" data-e-type=\"column\">\n\t\t\t<div class=\"elementor-widget-wrap elementor-element-populated\">\n\t\t\t\t\t\t<div class=\"elementor-element elementor-element-45255280 elementor-hidden-desktop elementor-hidden-tablet elementor-widget elementor-widget-image\" data-id=\"45255280\" data-element_type=\"widget\" data-e-type=\"widget\" data-widget_type=\"image.default\">\n\t\t\t\t<div class=\"elementor-widget-container\">\n\t\t\t\t\t\t\t\t\t\t\t\t\t\t\t<img decoding=\"async\" width=\"1920\" height=\"1920\" src=\"https:\/\/glaciarium.com\/es\/wp-content\/uploads\/2023\/01\/distanciasM-jpg.webp\" class=\"attachment-full size-full wp-image-784\" alt=\"\" srcset=\"https:\/\/glaciarium.com\/es\/wp-content\/uploads\/2023\/01\/distanciasM-jpg.webp 1920w, https:\/\/glaciarium.com\/es\/wp-content\/uploads\/2023\/01\/distanciasM-300x300.webp 300w, https:\/\/glaciarium.com\/es\/wp-content\/uploads\/2023\/01\/distanciasM-1024x1024.webp 1024w, https:\/\/glaciarium.com\/es\/wp-content\/uploads\/2023\/01\/distanciasM-150x150.webp 150w, https:\/\/glaciarium.com\/es\/wp-content\/uploads\/2023\/01\/distanciasM-768x768.webp 768w, https:\/\/glaciarium.com\/es\/wp-content\/uploads\/2023\/01\/distanciasM-1536x1536.webp 1536w\" sizes=\"(max-width: 1920px) 100vw, 1920px\" \/>\t\t\t\t\t\t\t\t\t\t\t\t\t\t\t<\/div>\n\t\t\t\t<\/div>\n\t\t\t\t\t<\/div>\n\t\t<\/div>\n\t\t\t\t\t<\/div>\n\t\t<\/section>\n\t\t\t\t<section class=\"elementor-section elementor-top-section elementor-element elementor-element-585bf12c elementor-section-boxed elementor-section-height-default elementor-section-height-default\" data-id=\"585bf12c\" data-element_type=\"section\" data-e-type=\"section\" data-settings=\"{&quot;background_background&quot;:&quot;classic&quot;}\">\n\t\t\t\t\t\t\t<div class=\"elementor-background-overlay\"><\/div>\n\t\t\t\t\t\t\t<div class=\"elementor-container elementor-column-gap-default\">\n\t\t\t\t\t<div class=\"elementor-column elementor-col-100 elementor-top-column elementor-element elementor-element-7d751dc7\" data-id=\"7d751dc7\" data-element_type=\"column\" data-e-type=\"column\">\n\t\t\t<div class=\"elementor-widget-wrap elementor-element-populated\">\n\t\t\t\t\t\t<div class=\"elementor-element elementor-element-686b7c4b elementor-widget elementor-widget-text-editor\" data-id=\"686b7c4b\" data-element_type=\"widget\" data-e-type=\"widget\" data-widget_type=\"text-editor.default\">\n\t\t\t\t<div class=\"elementor-widget-container\">\n\t\t\t\t\t\t\t\t\t<p style=\"text-align: center;\">La ciudad de El Calafate es el punto central de las actividades tur\u00edsticas en la regi\u00f3n, tanto dentro como fuera del Parque Nacional Los Glaciares.\u00a0\u00a0<\/p>\t\t\t\t\t\t\t\t<\/div>\n\t\t\t\t<\/div>\n\t\t\t\t\t<\/div>\n\t\t<\/div>\n\t\t\t\t\t<\/div>\n\t\t<\/section>\n\t\t\t\t<\/div>\n\t\t","protected":false},"excerpt":{"rendered":"<p>El Calafate El Calafate se encuentra a 320 km de la capital provincial, R\u00edo Gallegos. Debe su notoriedad a ser la puerta de acceso al Parque Nacional Los Glaciares. El Calafate debe su nombre al de un arbusto espinoso, Berberis microphylla, de flores amarillas caracter\u00edstico del sur de la Patagonia, que da unas bayas de [&hellip;]<\/p>\n","protected":false},"author":1,"featured_media":0,"parent":0,"menu_order":0,"comment_status":"closed","ping_status":"closed","template":"","meta":{"footnotes":""},"class_list":["post-240","page","type-page","status-publish","hentry"],"_links":{"self":[{"href":"https:\/\/glaciarium.com\/es\/wp-json\/wp\/v2\/pages\/240","targetHints":{"allow":["GET"]}}],"collection":[{"href":"https:\/\/glaciarium.com\/es\/wp-json\/wp\/v2\/pages"}],"about":[{"href":"https:\/\/glaciarium.com\/es\/wp-json\/wp\/v2\/types\/page"}],"author":[{"embeddable":true,"href":"https:\/\/glaciarium.com\/es\/wp-json\/wp\/v2\/users\/1"}],"replies":[{"embeddable":true,"href":"https:\/\/glaciarium.com\/es\/wp-json\/wp\/v2\/comments?post=240"}],"version-history":[{"count":82,"href":"https:\/\/glaciarium.com\/es\/wp-json\/wp\/v2\/pages\/240\/revisions"}],"predecessor-version":[{"id":1718,"href":"https:\/\/glaciarium.com\/es\/wp-json\/wp\/v2\/pages\/240\/revisions\/1718"}],"wp:attachment":[{"href":"https:\/\/glaciarium.com\/es\/wp-json\/wp\/v2\/media?parent=240"}],"curies":[{"name":"wp","href":"https:\/\/api.w.org\/{rel}","templated":true}]}}