{"id":242,"date":"2022-12-22T17:00:36","date_gmt":"2022-12-22T20:00:36","guid":{"rendered":"https:\/\/glaciarium.com\/nueva_web\/?page_id=242"},"modified":"2026-02-02T16:02:35","modified_gmt":"2026-02-02T19:02:35","slug":"glaciologia","status":"publish","type":"page","link":"https:\/\/glaciarium.com\/es\/glaciologia\/","title":{"rendered":"glaciolog\u00eda"},"content":{"rendered":"\t\t<div data-elementor-type=\"wp-page\" data-elementor-id=\"242\" class=\"elementor elementor-242\">\n\t\t\t\t\t\t<section class=\"elementor-section elementor-top-section elementor-element elementor-element-326e8069 elementor-section-boxed elementor-section-height-default elementor-section-height-default\" data-id=\"326e8069\" data-element_type=\"section\" data-e-type=\"section\">\n\t\t\t\t\t\t<div class=\"elementor-container elementor-column-gap-no\">\n\t\t\t\t\t<div class=\"elementor-column elementor-col-100 elementor-top-column elementor-element elementor-element-17f88d53\" data-id=\"17f88d53\" data-element_type=\"column\" data-e-type=\"column\">\n\t\t\t<div class=\"elementor-widget-wrap\">\n\t\t\t\t\t\t\t<\/div>\n\t\t<\/div>\n\t\t\t\t\t<\/div>\n\t\t<\/section>\n\t\t\t\t<section class=\"elementor-section elementor-top-section elementor-element elementor-element-4432faba elementor-reverse-mobile elementor-section-boxed elementor-section-height-default elementor-section-height-default\" data-id=\"4432faba\" data-element_type=\"section\" data-e-type=\"section\">\n\t\t\t\t\t\t<div class=\"elementor-container elementor-column-gap-no\">\n\t\t\t\t\t<div class=\"elementor-column elementor-col-50 elementor-top-column elementor-element elementor-element-7c77782c\" data-id=\"7c77782c\" data-element_type=\"column\" data-e-type=\"column\">\n\t\t\t<div class=\"elementor-widget-wrap elementor-element-populated\">\n\t\t\t\t\t\t<div class=\"elementor-element elementor-element-2157b0e8 elementor-widget elementor-widget-text-editor\" data-id=\"2157b0e8\" data-element_type=\"widget\" data-e-type=\"widget\" data-widget_type=\"text-editor.default\">\n\t\t\t\t<div class=\"elementor-widget-container\">\n\t\t\t\t\t\t\t\t\t<p>El Director Cient\u00edfico de Glaciarium es el Ingeniero <strong>Pedro Skvarca<\/strong>, uno de los glaci\u00f3logos m\u00e1s destacados de la Argentina.<\/p>\n\n<p>Cuenta con una trayectoria de varias d\u00e9cadas de intensa actividad glaciol\u00f3gica en la Patagonia y Ant\u00e1rtida. Bajo su direcci\u00f3n se realizaron la mayor\u00eda de los contenidos de Glaciarum, que reflejan las \u00faltimas investigaciones y resultados de importantes estudios cient\u00edficos llevados a cabo en la regi\u00f3n. El estado de los principales glaciares, su comportamiento, los cambios hist\u00f3ricos, y otros aspectos interesantes de esta ciencia.<\/p>\t\t\t\t\t\t\t\t<\/div>\n\t\t\t\t<\/div>\n\t\t\t\t\t<\/div>\n\t\t<\/div>\n\t\t\t\t<div class=\"elementor-column elementor-col-50 elementor-top-column elementor-element elementor-element-4443a5cf\" data-id=\"4443a5cf\" data-element_type=\"column\" data-e-type=\"column\">\n\t\t\t<div class=\"elementor-widget-wrap elementor-element-populated\">\n\t\t\t\t\t\t<section class=\"elementor-section elementor-inner-section elementor-element elementor-element-81d046f elementor-section-boxed elementor-section-height-default elementor-section-height-default\" data-id=\"81d046f\" data-element_type=\"section\" data-e-type=\"section\">\n\t\t\t\t\t\t<div class=\"elementor-container elementor-column-gap-default\">\n\t\t\t\t\t<div class=\"elementor-column elementor-col-100 elementor-inner-column elementor-element elementor-element-bcc5596\" data-id=\"bcc5596\" data-element_type=\"column\" data-e-type=\"column\">\n\t\t\t<div class=\"elementor-widget-wrap elementor-element-populated\">\n\t\t\t\t\t\t<div class=\"elementor-element elementor-element-ba3c33b elementor-widget elementor-widget-image\" data-id=\"ba3c33b\" data-element_type=\"widget\" data-e-type=\"widget\" data-widget_type=\"image.default\">\n\t\t\t\t<div class=\"elementor-widget-container\">\n\t\t\t\t\t\t\t\t\t\t\t\t\t\t\t<img decoding=\"async\" src=\"https:\/\/glaciarium.com\/es\/wp-content\/uploads\/2023\/02\/pedro.webp\" title=\"\" alt=\"\" loading=\"lazy\" \/>\t\t\t\t\t\t\t\t\t\t\t\t\t\t\t<\/div>\n\t\t\t\t<\/div>\n\t\t\t\t\t<\/div>\n\t\t<\/div>\n\t\t\t\t\t<\/div>\n\t\t<\/section>\n\t\t\t\t\t<\/div>\n\t\t<\/div>\n\t\t\t\t\t<\/div>\n\t\t<\/section>\n\t\t\t\t<section class=\"elementor-section elementor-top-section elementor-element elementor-element-56f31b7d elementor-section-boxed elementor-section-height-default elementor-section-height-default\" data-id=\"56f31b7d\" data-element_type=\"section\" data-e-type=\"section\" data-settings=\"{&quot;background_background&quot;:&quot;classic&quot;}\">\n\t\t\t\t\t\t\t<div class=\"elementor-background-overlay\"><\/div>\n\t\t\t\t\t\t\t<div class=\"elementor-container elementor-column-gap-default\">\n\t\t\t\t\t<div class=\"elementor-column elementor-col-100 elementor-top-column elementor-element elementor-element-4bda40cd\" data-id=\"4bda40cd\" data-element_type=\"column\" data-e-type=\"column\">\n\t\t\t<div class=\"elementor-widget-wrap elementor-element-populated\">\n\t\t\t\t\t\t<div class=\"elementor-element elementor-element-627ac407 elementor-widget elementor-widget-text-editor\" data-id=\"627ac407\" data-element_type=\"widget\" data-e-type=\"widget\" data-widget_type=\"text-editor.default\">\n\t\t\t\t<div class=\"elementor-widget-container\">\n\t\t\t\t\t\t\t\t\t<p style=\"text-align: center;\">Glaciarium apoya y fomenta la investigaci\u00f3n cient\u00edfica as\u00ed como la divulgaci\u00f3n a trav\u00e9s de charlas, conferencias y publicaciones.\u00a0<\/p>\t\t\t\t\t\t\t\t<\/div>\n\t\t\t\t<\/div>\n\t\t\t\t\t<\/div>\n\t\t<\/div>\n\t\t\t\t\t<\/div>\n\t\t<\/section>\n\t\t\t\t<section class=\"elementor-section elementor-top-section elementor-element elementor-element-0dfbb01 elementor-section-boxed elementor-section-height-default elementor-section-height-default\" data-id=\"0dfbb01\" data-element_type=\"section\" data-e-type=\"section\">\n\t\t\t\t\t\t<div class=\"elementor-container elementor-column-gap-default\">\n\t\t\t\t\t<div class=\"elementor-column elementor-col-100 elementor-top-column elementor-element elementor-element-99f6f74\" data-id=\"99f6f74\" data-element_type=\"column\" data-e-type=\"column\">\n\t\t\t<div class=\"elementor-widget-wrap elementor-element-populated\">\n\t\t\t\t\t\t<div class=\"elementor-element elementor-element-27d7db6 elementor-widget elementor-widget-spacer\" data-id=\"27d7db6\" data-element_type=\"widget\" data-e-type=\"widget\" data-widget_type=\"spacer.default\">\n\t\t\t\t<div class=\"elementor-widget-container\">\n\t\t\t\t\t\t\t<div class=\"elementor-spacer\">\n\t\t\t<div class=\"elementor-spacer-inner\"><\/div>\n\t\t<\/div>\n\t\t\t\t\t\t<\/div>\n\t\t\t\t<\/div>\n\t\t\t\t\t<\/div>\n\t\t<\/div>\n\t\t\t\t\t<\/div>\n\t\t<\/section>\n\t\t\t\t<section class=\"elementor-section elementor-top-section elementor-element elementor-element-1be8857 elementor-reverse-mobile elementor-hidden-mobile elementor-section-boxed elementor-section-height-default elementor-section-height-default\" data-id=\"1be8857\" data-element_type=\"section\" data-e-type=\"section\">\n\t\t\t\t\t\t<div class=\"elementor-container elementor-column-gap-no\">\n\t\t\t\t\t<div class=\"elementor-column elementor-col-50 elementor-top-column elementor-element elementor-element-fc7be6c\" data-id=\"fc7be6c\" data-element_type=\"column\" data-e-type=\"column\">\n\t\t\t<div class=\"elementor-widget-wrap elementor-element-populated\">\n\t\t\t\t\t\t<div class=\"elementor-element elementor-element-d5f9f06 elementor-widget elementor-widget-text-editor\" data-id=\"d5f9f06\" data-element_type=\"widget\" data-e-type=\"widget\" data-widget_type=\"text-editor.default\">\n\t\t\t\t<div class=\"elementor-widget-container\">\n\t\t\t\t\t\t\t\t\t<table class=\"pretty-table\">\n<tbody>\n<tr>\n<th scope=\"row\">A\u00f1o<\/th>\n<th scope=\"row\">Idioma<\/th>\n<th scope=\"row\">Nombre<\/th>\n<th scope=\"row\">Link<\/th>\n<\/tr>\n<tr>\n<td>1992<\/td>\n<td>Ingl\u00e9s<\/td>\n<td>Characteristics and variations of Upsala and Moreno glaciers<\/td>\n<td><a href=\"http:\/\/glaciarium.com\/mcien\/1992%20-%20Characteristics%20and%20variations%20of%20Upsala%20and%20Moreno%20glaciers.pdf\" target=\"_blank\" rel=\"noopener noreferrer\"><img decoding=\"async\" src=\"http:\/\/www.glaciarium.com\/descargas\/descarga_pdf.png\" alt=\"\" width=\"50\" height=\"50\" \/><\/a><\/td>\n<\/tr>\n<tr>\n<td>1994<\/td>\n<td>Ingl\u00e9s<\/td>\n<td>1994 \u2013 Changes and surface features of the larsen Ice Shelf<\/td>\n<td><a href=\"http:\/\/www.glaciarium.com\/mcien\/1994%20-%20Changes%20and%20surface%20features%20of%20the%20larsen%20Ice%20Shelf.pdf\" target=\"_blank\" rel=\"noopener noreferrer\"><img decoding=\"async\" src=\"http:\/\/www.glaciarium.com\/descargas\/descarga_pdf.png\" alt=\"\" width=\"50\" height=\"50\" \/><\/a><\/td>\n<\/tr>\n<tr>\n<td>1996<\/td>\n<td>Ingl\u00e9s<\/td>\n<td>Use of Satellite and Airborne Imagery to Inventory SPI Glaciers<\/td>\n<td><a href=\"http:\/\/glaciarium.com\/mcien\/1996%20-%20Use%20of%20Satellite%20and%20Airborne%20Imagery%20to%20Inventory%20SPI%20Glaciers%20Vol.62.pdf\" target=\"_blank\" rel=\"noopener noreferrer\"><img decoding=\"async\" src=\"http:\/\/www.glaciarium.com\/descargas\/descarga_pdf.png\" alt=\"\" width=\"50\" height=\"50\" \/><\/a><\/td>\n<\/tr>\n<tr>\n<td>2000<\/td>\n<td>Ingl\u00e9s<\/td>\n<td>Dynamic Features of Thinning and Retreating Upsala<\/td>\n<td><a href=\"http:\/\/glaciarium.com\/mcien\/2000%20-%20Dynamic%20Features%20of%20Thinning%20and%20Retreating%20Upsala%20%20AAAR%20Vol.32(4).pdf\" target=\"_blank\" rel=\"noopener noreferrer\"><img decoding=\"async\" src=\"http:\/\/www.glaciarium.com\/descargas\/descarga_pdf.png\" alt=\"\" width=\"50\" height=\"50\" \/><\/a><\/td>\n<\/tr>\n<tr>\n<td>2002<\/td>\n<td>Ingl\u00e9s<\/td>\n<td>Calving rates in freshwater Upsala<br><br><\/td>\n<td><a href=\"http:\/\/glaciarium.com\/mcien\/2002%20-%20Calving%20rates%20in%20freshwater_Upsala_AG%2034.pdf\" target=\"_blank\" rel=\"noopener noreferrer\"><img decoding=\"async\" src=\"http:\/\/www.glaciarium.com\/descargas\/descarga_pdf.png\" alt=\"\" width=\"50\" height=\"50\" \/><\/a><\/td>\n<\/tr>\n<tr>\n<td>2002<\/td>\n<td>Espa\u00f1ol<\/td>\n<td>Importancia de glaciares HPS para desarrollo regional<br><br><\/td>\n<td><a href=\"http:\/\/glaciarium.com\/mcien\/2002%20-%20Importancia%20de%20glaciares%20HPS%20para%20desarrollo%20regional%20XV%20CGA.pdf\" target=\"_blank\" rel=\"noopener noreferrer\"><img decoding=\"async\" src=\"http:\/\/www.glaciarium.com\/descargas\/descarga_pdf.png\" alt=\"\" width=\"50\" height=\"50\" \/><\/a><\/td>\n<\/tr>\n<tr>\n<td>2003<\/td>\n<td>Ingl\u00e9s<\/td>\n<td>First cloud-free Landsat TM image Mosaic of HPS<\/td>\n<td><a href=\"http:\/\/glaciarium.com\/mcien\/2003%20-%20First%20cloud-free%20Landsat%20TM%20image%20Mosaic%20of%20HPS.pdf\" target=\"_blank\" rel=\"noopener noreferrer\"><img decoding=\"async\" src=\"http:\/\/www.glaciarium.com\/descargas\/descarga_pdf.png\" alt=\"\" width=\"50\" height=\"50\" \/><\/a><\/td>\n<\/tr>\n<\/tbody>\n<\/table>\t\t\t\t\t\t\t\t<\/div>\n\t\t\t\t<\/div>\n\t\t\t\t\t<\/div>\n\t\t<\/div>\n\t\t\t\t<div class=\"elementor-column elementor-col-50 elementor-top-column elementor-element elementor-element-e7b8159\" data-id=\"e7b8159\" data-element_type=\"column\" data-e-type=\"column\">\n\t\t\t<div class=\"elementor-widget-wrap elementor-element-populated\">\n\t\t\t\t\t\t<div class=\"elementor-element elementor-element-d8aaf1d elementor-widget elementor-widget-text-editor\" data-id=\"d8aaf1d\" data-element_type=\"widget\" data-e-type=\"widget\" data-widget_type=\"text-editor.default\">\n\t\t\t\t<div class=\"elementor-widget-container\">\n\t\t\t\t\t\t\t\t\t<table class=\"pretty-table\" summary=\"\">\n<tbody>\n<tr>\n<th scope=\"row\">A\u00f1o<\/th>\n<th scope=\"row\">Idioma<\/th>\n<th scope=\"row\">Nombre<\/th>\n<th scope=\"row\">Link<\/th>\n<\/tr>\n<tr>\n<td>2006<\/td>\n<td>Ingl\u00e9s<\/td>\n<td>GPM ice-dam formation-collapse 2003-04<br><br><\/td>\n<td><a href=\"http:\/\/glaciarium.com\/mcien\/2006%20-%20GPM%20ice-dam%20formation-collapse%202003-04_JG%20Vol.%2052(177).pdf\" target=\"_blank\" rel=\"noopener noreferrer\"><img decoding=\"async\" src=\"http:\/\/www.glaciarium.com\/descargas\/descarga_pdf.png\" alt=\"\" width=\"50\" height=\"50\" \/><\/a><\/td>\n<\/tr>\n<tr>\n<td>2007<\/td>\n<td>Ingl\u00e9s<\/td>\n<td>Glaciar Perito Moreno, 2003-04 and 2005-06 damming<\/td>\n<td><a href=\"http:\/\/glaciarium.com\/mcien\/2007%20-%20Glaciar%20Perito%20Moreno,%202003-04%20and%202005-06%20damming_JG%20Vol%2053(180).pdf\" target=\"_blank\" rel=\"noopener noreferrer\"><img decoding=\"async\" src=\"http:\/\/www.glaciarium.com\/descargas\/descarga_pdf.png\" alt=\"\" width=\"50\" height=\"50\" \/><\/a><\/td>\n<\/tr>\n<tr>\n<td>2011<\/td>\n<td>Espa\u00f1ol<\/td>\n<td>Novedades sobre Glaciar Moreno<br><br><\/td>\n<td><a href=\"http:\/\/glaciarium.com\/mcien\/Novedades%20sobre%20Glaciar%20Moreno.pdf\" target=\"_blank\" rel=\"noopener noreferrer\"><img decoding=\"async\" src=\"http:\/\/www.glaciarium.com\/descargas\/descarga_pdf.png\" alt=\"\" width=\"50\" height=\"50\" \/><\/a><\/td>\n<\/tr>\n<tr>\n<td>2012<\/td>\n<td>Ingl\u00e9s<\/td>\n<td>Little Ice Age advances of Glaciar Perito Moreno<\/td>\n<td><a href=\"http:\/\/glaciarium.com\/mcien\/LIA%20advances%20of%20Glaciar%20Perito%20Moreno.pdf\" target=\"_blank\" rel=\"noopener noreferrer\"><img decoding=\"async\" src=\"http:\/\/www.glaciarium.com\/descargas\/descarga_pdf.png\" alt=\"\" width=\"50\" height=\"50\" \/><\/a><\/td>\n<\/tr>\n<tr>\n<td>2012<\/td>\n<td>Ingl\u00e9s<\/td>\n<td>Failure &amp; collapse of Moreno ice-dam in 2004<\/td>\n<td><a href=\"http:\/\/glaciarium.com\/mcien\/22.%20Failure%20&amp;%20collapse%20of%20Moreno%20ice-for%20PDF.pdf\" target=\"_blank\" rel=\"noopener noreferrer\"><img decoding=\"async\" src=\"http:\/\/www.glaciarium.com\/descargas\/descarga_pdf.png\" alt=\"\" width=\"50\" height=\"50\" \/><\/a><\/td>\n<\/tr>\n<tr>\n<td>2013<\/td>\n<td>Ingl\u00e9s<\/td>\n<td>Rapid retreat, acceleration and thinning of Glaciar Upsala, Southern Patagonia Icefield, initiated in 2008<\/td>\n<td><a href=\"http:\/\/glaciarium.com\/mcien\/Glaciar%20Upsala_Annals%20Glac.%2054(63)%202013.pdf\" target=\"_blank\" rel=\"noopener noreferrer\"><img decoding=\"async\" src=\"http:\/\/www.glaciarium.com\/descargas\/descarga_pdf.png\" alt=\"\" width=\"50\" height=\"50\" \/><\/a><\/td>\n<\/tr>\n<tr>\n<td>2016<\/td>\n<td>Ingl\u00e9s<\/td>\n<td>Thermal structure of proglacial lakes in Patagonia<\/td>\n<td><a href=\"http:\/\/glaciarium.com\/mcien\/2016%20-%20Thermal%20structure%20of%20proglacial%20lakes%20in%20Patagonia%20JGR.pdf\" target=\"_blank\" rel=\"noopener noreferrer\"><img decoding=\"async\" src=\"http:\/\/www.glaciarium.com\/descargas\/descarga_pdf.png\" alt=\"\" width=\"50\" height=\"50\" \/><\/a><\/td>\n<\/tr>\n<\/tbody>\n<\/table>\t\t\t\t\t\t\t\t<\/div>\n\t\t\t\t<\/div>\n\t\t\t\t\t<\/div>\n\t\t<\/div>\n\t\t\t\t\t<\/div>\n\t\t<\/section>\n\t\t\t\t<section class=\"elementor-section elementor-top-section elementor-element elementor-element-759e33c elementor-reverse-mobile elementor-hidden-desktop elementor-hidden-tablet elementor-section-boxed elementor-section-height-default elementor-section-height-default\" data-id=\"759e33c\" data-element_type=\"section\" data-e-type=\"section\">\n\t\t\t\t\t\t<div class=\"elementor-container elementor-column-gap-no\">\n\t\t\t\t\t<div class=\"elementor-column elementor-col-100 elementor-top-column elementor-element elementor-element-782c065\" data-id=\"782c065\" data-element_type=\"column\" data-e-type=\"column\">\n\t\t\t<div class=\"elementor-widget-wrap elementor-element-populated\">\n\t\t\t\t\t\t<div class=\"elementor-element elementor-element-f6ca33f elementor-widget elementor-widget-text-editor\" data-id=\"f6ca33f\" data-element_type=\"widget\" data-e-type=\"widget\" data-widget_type=\"text-editor.default\">\n\t\t\t\t<div class=\"elementor-widget-container\">\n\t\t\t\t\t\t\t\t\t<table class=\"pretty-table\">\n<tbody>\n<tr>\n<th scope=\"row\">A\u00f1o<\/th>\n<th scope=\"row\">Idioma<\/th>\n<th scope=\"row\">Nombre<\/th>\n<th scope=\"row\">Link<\/th>\n<\/tr>\n<tr>\n<td>1992<\/td>\n<td>Ingl\u00e9s<\/td>\n<td>Characteristics and variations of Upsala and Moreno glaciers<\/td>\n<td><a href=\"http:\/\/glaciarium.com\/mcien\/1992%20-%20Characteristics%20and%20variations%20of%20Upsala%20and%20Moreno%20glaciers.pdf\" target=\"_blank\" rel=\"noopener noreferrer\"><img decoding=\"async\" src=\"http:\/\/www.glaciarium.com\/descargas\/descarga_pdf.png\" alt=\"\" width=\"50\" height=\"50\" \/><\/a><\/td>\n<\/tr>\n<tr>\n<td>1994<\/td>\n<td>Ingl\u00e9s<\/td>\n<td>1994 \u2013 Changes and surface features of the larsen Ice Shelf<\/td>\n<td><a href=\"http:\/\/www.glaciarium.com\/mcien\/1994%20-%20Changes%20and%20surface%20features%20of%20the%20larsen%20Ice%20Shelf.pdf\" target=\"_blank\" rel=\"noopener noreferrer\"><img decoding=\"async\" src=\"http:\/\/www.glaciarium.com\/descargas\/descarga_pdf.png\" alt=\"\" width=\"50\" height=\"50\" \/><\/a><\/td>\n<\/tr>\n<tr>\n<td>1996<\/td>\n<td>Ingl\u00e9s<\/td>\n<td>Use of Satellite and Airborne Imagery to Inventory SPI Glaciers<\/td>\n<td><a href=\"http:\/\/glaciarium.com\/mcien\/1996%20-%20Use%20of%20Satellite%20and%20Airborne%20Imagery%20to%20Inventory%20SPI%20Glaciers%20Vol.62.pdf\" target=\"_blank\" rel=\"noopener noreferrer\"><img decoding=\"async\" src=\"http:\/\/www.glaciarium.com\/descargas\/descarga_pdf.png\" alt=\"\" width=\"50\" height=\"50\" \/><\/a><\/td>\n<\/tr>\n<tr>\n<td>2000<\/td>\n<td>Ingl\u00e9s<\/td>\n<td>Dynamic Features of Thinning and Retreating Upsala<\/td>\n<td><a href=\"http:\/\/glaciarium.com\/mcien\/2000%20-%20Dynamic%20Features%20of%20Thinning%20and%20Retreating%20Upsala%20%20AAAR%20Vol.32(4).pdf\" target=\"_blank\" rel=\"noopener noreferrer\"><img decoding=\"async\" src=\"http:\/\/www.glaciarium.com\/descargas\/descarga_pdf.png\" alt=\"\" width=\"50\" height=\"50\" \/><\/a><\/td>\n<\/tr>\n<tr>\n<td>2002<\/td>\n<td>Ingl\u00e9s<\/td>\n<td>Calving rates in freshwater Upsala<\/td>\n<td><a href=\"http:\/\/glaciarium.com\/mcien\/2002%20-%20Calving%20rates%20in%20freshwater_Upsala_AG%2034.pdf\" target=\"_blank\" rel=\"noopener noreferrer\"><img decoding=\"async\" src=\"http:\/\/www.glaciarium.com\/descargas\/descarga_pdf.png\" alt=\"\" width=\"50\" height=\"50\" \/><\/a><\/td>\n<\/tr>\n<tr>\n<td>2002<\/td>\n<td>Espa\u00f1ol<\/td>\n<td>Importancia de glaciares HPS para desarrollo regional<\/td>\n<td><a href=\"http:\/\/glaciarium.com\/mcien\/2002%20-%20Importancia%20de%20glaciares%20HPS%20para%20desarrollo%20regional%20XV%20CGA.pdf\" target=\"_blank\" rel=\"noopener noreferrer\"><img decoding=\"async\" src=\"http:\/\/www.glaciarium.com\/descargas\/descarga_pdf.png\" alt=\"\" width=\"50\" height=\"50\" \/><\/a><\/td>\n<\/tr>\n<tr>\n<td>2003<\/td>\n<td>Ingl\u00e9s<\/td>\n<td>First cloud-free Landsat TM image Mosaic of HPS<\/td>\n<td><a href=\"http:\/\/glaciarium.com\/mcien\/2003%20-%20First%20cloud-free%20Landsat%20TM%20image%20Mosaic%20of%20HPS.pdf\" target=\"_blank\" rel=\"noopener noreferrer\"><img decoding=\"async\" src=\"http:\/\/www.glaciarium.com\/descargas\/descarga_pdf.png\" alt=\"\" width=\"50\" height=\"50\" \/><\/a><\/td>\n<\/tr>\n<tr>\n<td>2006<\/td>\n<td>Ingl\u00e9s<\/td>\n<td>GPM ice-dam formation-collapse 2003-04<\/td>\n<td><a href=\"http:\/\/glaciarium.com\/mcien\/2006%20-%20GPM%20ice-dam%20formation-collapse%202003-04_JG%20Vol.%2052(177).pdf\" target=\"_blank\" rel=\"noopener noreferrer\"><img decoding=\"async\" src=\"http:\/\/www.glaciarium.com\/descargas\/descarga_pdf.png\" alt=\"\" width=\"50\" height=\"50\" \/><\/a><\/td>\n<\/tr>\n<tr>\n<td>2007<\/td>\n<td>Ingl\u00e9s<\/td>\n<td>Glaciar Perito Moreno, 2003-04 and 2005-06 damming<\/td>\n<td><a href=\"http:\/\/glaciarium.com\/mcien\/2007%20-%20Glaciar%20Perito%20Moreno,%202003-04%20and%202005-06%20damming_JG%20Vol%2053(180).pdf\" target=\"_blank\" rel=\"noopener noreferrer\"><img decoding=\"async\" src=\"http:\/\/www.glaciarium.com\/descargas\/descarga_pdf.png\" alt=\"\" width=\"50\" height=\"50\" \/><\/a><\/td>\n<\/tr>\n<tr>\n<td>2011<\/td>\n<td>Espa\u00f1ol<\/td>\n<td>Novedades sobre Glaciar Moreno<\/td>\n<td><a href=\"http:\/\/glaciarium.com\/mcien\/Novedades%20sobre%20Glaciar%20Moreno.pdf\" target=\"_blank\" rel=\"noopener noreferrer\"><img decoding=\"async\" src=\"http:\/\/www.glaciarium.com\/descargas\/descarga_pdf.png\" alt=\"\" width=\"50\" height=\"50\" \/><\/a><\/td>\n<\/tr>\n<tr>\n<td>2012<\/td>\n<td>Ingl\u00e9s<\/td>\n<td>Little Ice Age advances of Glaciar Perito Moreno<\/td>\n<td><a href=\"http:\/\/glaciarium.com\/mcien\/LIA%20advances%20of%20Glaciar%20Perito%20Moreno.pdf\" target=\"_blank\" rel=\"noopener noreferrer\"><img decoding=\"async\" src=\"http:\/\/www.glaciarium.com\/descargas\/descarga_pdf.png\" alt=\"\" width=\"50\" height=\"50\" \/><\/a><\/td>\n<\/tr>\n<tr>\n<td>2012<\/td>\n<td>Ingl\u00e9s<\/td>\n<td>Failure &amp; collapse of Moreno ice-dam in 2004<\/td>\n<td><a href=\"http:\/\/glaciarium.com\/mcien\/22.%20Failure%20&amp;%20collapse%20of%20Moreno%20ice-for%20PDF.pdf\" target=\"_blank\" rel=\"noopener noreferrer\"><img decoding=\"async\" src=\"http:\/\/www.glaciarium.com\/descargas\/descarga_pdf.png\" alt=\"\" width=\"50\" height=\"50\" \/><\/a><\/td>\n<\/tr>\n<tr>\n<td>2013<\/td>\n<td>Ingl\u00e9s<\/td>\n<td>Rapid retreat, acceleration and thinning of Glaciar Upsala, Southern Patagonia Icefield, initiated in 2008<\/td>\n<td><a href=\"http:\/\/glaciarium.com\/mcien\/Glaciar%20Upsala_Annals%20Glac.%2054(63)%202013.pdf\" target=\"_blank\" rel=\"noopener noreferrer\"><img decoding=\"async\" src=\"http:\/\/www.glaciarium.com\/descargas\/descarga_pdf.png\" alt=\"\" width=\"50\" height=\"50\" \/><\/a><\/td>\n<\/tr>\n<tr>\n<td>2016<\/td>\n<td>Ingl\u00e9s<\/td>\n<td>Thermal structure of proglacial lakes in Patagonia<\/td>\n<td><a href=\"http:\/\/glaciarium.com\/mcien\/2016%20-%20Thermal%20structure%20of%20proglacial%20lakes%20in%20Patagonia%20JGR.pdf\" target=\"_blank\" rel=\"noopener noreferrer\"><img decoding=\"async\" src=\"http:\/\/www.glaciarium.com\/descargas\/descarga_pdf.png\" alt=\"\" width=\"50\" height=\"50\" \/><\/a><\/td>\n<\/tr>\n<\/tbody>\n<\/table>\t\t\t\t\t\t\t\t<\/div>\n\t\t\t\t<\/div>\n\t\t\t\t\t<\/div>\n\t\t<\/div>\n\t\t\t\t\t<\/div>\n\t\t<\/section>\n\t\t\t\t<\/div>\n\t\t","protected":false},"excerpt":{"rendered":"<p>El Director Cient\u00edfico de Glaciarium es el Ingeniero Pedro Skvarca, uno de los glaci\u00f3logos m\u00e1s destacados de la Argentina. Cuenta con una trayectoria de varias d\u00e9cadas de intensa actividad glaciol\u00f3gica en la Patagonia y Ant\u00e1rtida. Bajo su direcci\u00f3n se realizaron la mayor\u00eda de los contenidos de Glaciarum, que reflejan las \u00faltimas investigaciones y resultados de [&hellip;]<\/p>\n","protected":false},"author":1,"featured_media":0,"parent":0,"menu_order":0,"comment_status":"closed","ping_status":"closed","template":"","meta":{"footnotes":""},"class_list":["post-242","page","type-page","status-publish","hentry"],"_links":{"self":[{"href":"https:\/\/glaciarium.com\/es\/wp-json\/wp\/v2\/pages\/242","targetHints":{"allow":["GET"]}}],"collection":[{"href":"https:\/\/glaciarium.com\/es\/wp-json\/wp\/v2\/pages"}],"about":[{"href":"https:\/\/glaciarium.com\/es\/wp-json\/wp\/v2\/types\/page"}],"author":[{"embeddable":true,"href":"https:\/\/glaciarium.com\/es\/wp-json\/wp\/v2\/users\/1"}],"replies":[{"embeddable":true,"href":"https:\/\/glaciarium.com\/es\/wp-json\/wp\/v2\/comments?post=242"}],"version-history":[{"count":20,"href":"https:\/\/glaciarium.com\/es\/wp-json\/wp\/v2\/pages\/242\/revisions"}],"predecessor-version":[{"id":1697,"href":"https:\/\/glaciarium.com\/es\/wp-json\/wp\/v2\/pages\/242\/revisions\/1697"}],"wp:attachment":[{"href":"https:\/\/glaciarium.com\/es\/wp-json\/wp\/v2\/media?parent=242"}],"curies":[{"name":"wp","href":"https:\/\/api.w.org\/{rel}","templated":true}]}}