{"id":243,"date":"2022-12-22T17:00:36","date_gmt":"2022-12-22T20:00:36","guid":{"rendered":"https:\/\/glaciarium.com\/nueva_web\/?page_id=243"},"modified":"2026-02-02T15:55:46","modified_gmt":"2026-02-02T18:55:46","slug":"historia-de-glaciarium","status":"publish","type":"page","link":"https:\/\/glaciarium.com\/es\/historia-de-glaciarium\/","title":{"rendered":"historia de glaciarium"},"content":{"rendered":"\t\t<div data-elementor-type=\"wp-page\" data-elementor-id=\"243\" class=\"elementor elementor-243\">\n\t\t\t\t\t\t<section class=\"elementor-section elementor-top-section elementor-element elementor-element-695151af elementor-section-boxed elementor-section-height-default elementor-section-height-default\" data-id=\"695151af\" data-element_type=\"section\" data-e-type=\"section\">\n\t\t\t\t\t\t<div class=\"elementor-container elementor-column-gap-no\">\n\t\t\t\t\t<div class=\"elementor-column elementor-col-100 elementor-top-column elementor-element elementor-element-21132e27\" data-id=\"21132e27\" data-element_type=\"column\" data-e-type=\"column\">\n\t\t\t<div class=\"elementor-widget-wrap elementor-element-populated\">\n\t\t\t\t\t\t<div class=\"elementor-element elementor-element-69deaf1a elementor-hidden-mobile elementor-widget elementor-widget-image\" data-id=\"69deaf1a\" data-element_type=\"widget\" data-e-type=\"widget\" data-widget_type=\"image.default\">\n\t\t\t\t<div class=\"elementor-widget-container\">\n\t\t\t\t\t\t\t\t\t\t\t\t\t\t\t<img fetchpriority=\"high\" decoding=\"async\" width=\"1140\" height=\"200\" src=\"https:\/\/glaciarium.com\/es\/wp-content\/uploads\/2023\/01\/1txt-jpg.webp\" class=\"attachment-full size-full wp-image-793\" alt=\"\" srcset=\"https:\/\/glaciarium.com\/es\/wp-content\/uploads\/2023\/01\/1txt-jpg.webp 1140w, https:\/\/glaciarium.com\/es\/wp-content\/uploads\/2023\/01\/1txt-300x53.webp 300w, https:\/\/glaciarium.com\/es\/wp-content\/uploads\/2023\/01\/1txt-1024x180.webp 1024w, https:\/\/glaciarium.com\/es\/wp-content\/uploads\/2023\/01\/1txt-768x135.webp 768w\" sizes=\"(max-width: 1140px) 100vw, 1140px\" \/>\t\t\t\t\t\t\t\t\t\t\t\t\t\t\t<\/div>\n\t\t\t\t<\/div>\n\t\t\t\t\t<\/div>\n\t\t<\/div>\n\t\t\t\t\t<\/div>\n\t\t<\/section>\n\t\t\t\t<section class=\"elementor-section elementor-top-section elementor-element elementor-element-385b6a9e elementor-section-content-middle elementor-section-boxed elementor-section-height-default elementor-section-height-default\" data-id=\"385b6a9e\" data-element_type=\"section\" data-e-type=\"section\">\n\t\t\t\t\t\t<div class=\"elementor-container elementor-column-gap-no\">\n\t\t\t\t\t<div class=\"elementor-column elementor-col-50 elementor-top-column elementor-element elementor-element-60f65e0a bkgAcento\" data-id=\"60f65e0a\" data-element_type=\"column\" data-e-type=\"column\" data-settings=\"{&quot;background_background&quot;:&quot;classic&quot;}\">\n\t\t\t<div class=\"elementor-widget-wrap elementor-element-populated\">\n\t\t\t\t\t\t<div class=\"elementor-element elementor-element-6389591f SquareTxt elementor-widget elementor-widget-text-editor\" data-id=\"6389591f\" data-element_type=\"widget\" data-e-type=\"widget\" data-widget_type=\"text-editor.default\">\n\t\t\t\t<div class=\"elementor-widget-container\">\n\t\t\t\t\t\t\t\t\t<h1><b>Misi\u00f3n<\/b><\/h1><p><span style=\"font-weight: 400;\">Crear un espacio para el entretenimiento, esparcimiento, desarrollo de actividades culturales. Apoyar y divulgar la investigaci\u00f3n y labor cient\u00edfica que ayude a mejorar el conocimiento de los glaciares y la Patagonia. Promover el inter\u00e9s y el conocimiento de los Glaciares y la glaciolog\u00eda.<\/span><\/p><p><span style=\"font-weight: 400;\">Divulgar las maravillas de la regi\u00f3n de los Hielos Patag\u00f3nicos y su historia, incentivar el cuidado del medio ambiente.\u00a0<\/span><\/p>\t\t\t\t\t\t\t\t<\/div>\n\t\t\t\t<\/div>\n\t\t\t\t\t<\/div>\n\t\t<\/div>\n\t\t\t\t<div class=\"elementor-column elementor-col-50 elementor-top-column elementor-element elementor-element-20883512\" data-id=\"20883512\" data-element_type=\"column\" data-e-type=\"column\">\n\t\t\t<div class=\"elementor-widget-wrap elementor-element-populated\">\n\t\t\t\t\t\t<div class=\"elementor-element elementor-element-e4c408d elementor-widget elementor-widget-image\" data-id=\"e4c408d\" data-element_type=\"widget\" data-e-type=\"widget\" data-widget_type=\"image.default\">\n\t\t\t\t<div class=\"elementor-widget-container\">\n\t\t\t\t\t\t\t\t\t\t\t\t\t\t\t<img decoding=\"async\" width=\"961\" height=\"961\" src=\"https:\/\/glaciarium.com\/es\/wp-content\/uploads\/2023\/01\/2foto-jpg.webp\" class=\"attachment-full size-full wp-image-795\" alt=\"\" srcset=\"https:\/\/glaciarium.com\/es\/wp-content\/uploads\/2023\/01\/2foto-jpg.webp 961w, https:\/\/glaciarium.com\/es\/wp-content\/uploads\/2023\/01\/2foto-300x300.webp 300w, https:\/\/glaciarium.com\/es\/wp-content\/uploads\/2023\/01\/2foto-150x150.webp 150w, https:\/\/glaciarium.com\/es\/wp-content\/uploads\/2023\/01\/2foto-768x768.webp 768w\" sizes=\"(max-width: 961px) 100vw, 961px\" \/>\t\t\t\t\t\t\t\t\t\t\t\t\t\t\t<\/div>\n\t\t\t\t<\/div>\n\t\t\t\t\t<\/div>\n\t\t<\/div>\n\t\t\t\t\t<\/div>\n\t\t<\/section>\n\t\t\t\t<section class=\"elementor-section elementor-top-section elementor-element elementor-element-cd88711 elementor-section-boxed elementor-section-height-default elementor-section-height-default\" data-id=\"cd88711\" data-element_type=\"section\" data-e-type=\"section\">\n\t\t\t\t\t\t<div class=\"elementor-container elementor-column-gap-no\">\n\t\t\t\t\t<div class=\"elementor-column elementor-col-100 elementor-top-column elementor-element elementor-element-728a1d1\" data-id=\"728a1d1\" data-element_type=\"column\" data-e-type=\"column\">\n\t\t\t<div class=\"elementor-widget-wrap elementor-element-populated\">\n\t\t\t\t\t\t<div class=\"elementor-element elementor-element-d79f40d elementor-hidden-desktop elementor-hidden-tablet elementor-widget elementor-widget-image\" data-id=\"d79f40d\" data-element_type=\"widget\" data-e-type=\"widget\" data-widget_type=\"image.default\">\n\t\t\t\t<div class=\"elementor-widget-container\">\n\t\t\t\t\t\t\t\t\t\t\t\t\t\t\t<img decoding=\"async\" width=\"1920\" height=\"960\" src=\"https:\/\/glaciarium.com\/es\/wp-content\/uploads\/2023\/01\/1txtM-jpg.webp\" class=\"attachment-full size-full wp-image-794\" alt=\"\" srcset=\"https:\/\/glaciarium.com\/es\/wp-content\/uploads\/2023\/01\/1txtM-jpg.webp 1920w, https:\/\/glaciarium.com\/es\/wp-content\/uploads\/2023\/01\/1txtM-300x150.webp 300w, https:\/\/glaciarium.com\/es\/wp-content\/uploads\/2023\/01\/1txtM-1024x512.webp 1024w, https:\/\/glaciarium.com\/es\/wp-content\/uploads\/2023\/01\/1txtM-768x384.webp 768w, https:\/\/glaciarium.com\/es\/wp-content\/uploads\/2023\/01\/1txtM-1536x768.webp 1536w\" sizes=\"(max-width: 1920px) 100vw, 1920px\" \/>\t\t\t\t\t\t\t\t\t\t\t\t\t\t\t<\/div>\n\t\t\t\t<\/div>\n\t\t\t\t\t<\/div>\n\t\t<\/div>\n\t\t\t\t\t<\/div>\n\t\t<\/section>\n\t\t\t\t<section class=\"elementor-section elementor-top-section elementor-element elementor-element-aff07e1 elementor-section-content-middle elementor-reverse-mobile elementor-section-boxed elementor-section-height-default elementor-section-height-default\" data-id=\"aff07e1\" data-element_type=\"section\" data-e-type=\"section\">\n\t\t\t\t\t\t<div class=\"elementor-container elementor-column-gap-no\">\n\t\t\t\t\t<div class=\"elementor-column elementor-col-50 elementor-top-column elementor-element elementor-element-3c72cf3\" data-id=\"3c72cf3\" data-element_type=\"column\" data-e-type=\"column\">\n\t\t\t<div class=\"elementor-widget-wrap elementor-element-populated\">\n\t\t\t\t\t\t<div class=\"elementor-element elementor-element-957a9e0 elementor-widget elementor-widget-image\" data-id=\"957a9e0\" data-element_type=\"widget\" data-e-type=\"widget\" data-widget_type=\"image.default\">\n\t\t\t\t<div class=\"elementor-widget-container\">\n\t\t\t\t\t\t\t\t\t\t\t\t\t\t\t<img loading=\"lazy\" decoding=\"async\" width=\"961\" height=\"961\" src=\"https:\/\/glaciarium.com\/es\/wp-content\/uploads\/2023\/01\/3foto-jpg.webp\" class=\"attachment-full size-full wp-image-797\" alt=\"\" srcset=\"https:\/\/glaciarium.com\/es\/wp-content\/uploads\/2023\/01\/3foto-jpg.webp 961w, https:\/\/glaciarium.com\/es\/wp-content\/uploads\/2023\/01\/3foto-300x300.webp 300w, https:\/\/glaciarium.com\/es\/wp-content\/uploads\/2023\/01\/3foto-150x150.webp 150w, https:\/\/glaciarium.com\/es\/wp-content\/uploads\/2023\/01\/3foto-768x768.webp 768w\" sizes=\"(max-width: 961px) 100vw, 961px\" \/>\t\t\t\t\t\t\t\t\t\t\t\t\t\t\t<\/div>\n\t\t\t\t<\/div>\n\t\t\t\t\t<\/div>\n\t\t<\/div>\n\t\t\t\t<div class=\"elementor-column elementor-col-50 elementor-top-column elementor-element elementor-element-cb2e48c\" data-id=\"cb2e48c\" data-element_type=\"column\" data-e-type=\"column\" data-settings=\"{&quot;background_background&quot;:&quot;classic&quot;}\">\n\t\t\t<div class=\"elementor-widget-wrap elementor-element-populated\">\n\t\t\t\t\t\t<div class=\"elementor-element elementor-element-c4abaf3 SquareTxtW elementor-widget elementor-widget-text-editor\" data-id=\"c4abaf3\" data-element_type=\"widget\" data-e-type=\"widget\" data-widget_type=\"text-editor.default\">\n\t\t\t\t<div class=\"elementor-widget-container\">\n\t\t\t\t\t\t\t\t\t<h1><span style=\"color: #ffffff;\"><b>Concepto<\/b><\/span><\/h1><p><span style=\"font-weight: 400;\">Proyectado como un \u00e1mbito que promueve el conocimiento y exalta los sentidos, intenta con nobles recursos est\u00e9ticos y narrativos, envolver emocionalmente al visitante. Para ello se dise\u00f1\u00f3 un espacio vivo, pleno de est\u00edmulos visuales y sonoros, interactivo y entretenido que contribuye al conocimiento del mundo de los glaciares y enriquece toda visita a la Patagonia. Siguiendo las actuales t\u00e9cnicas de exhibici\u00f3n utilizadas por los museos y centros de interpretaci\u00f3n del mundo los contenidos se expresan de diversas maneras: efectos esc\u00e9nicos, lum\u00ednicos, programas multimedia y presentaciones audiovisuales.\u00a0\u00a0<\/span><\/p>\t\t\t\t\t\t\t\t<\/div>\n\t\t\t\t<\/div>\n\t\t\t\t\t<\/div>\n\t\t<\/div>\n\t\t\t\t\t<\/div>\n\t\t<\/section>\n\t\t\t\t<section class=\"elementor-section elementor-top-section elementor-element elementor-element-a40516e elementor-section-content-middle elementor-section-boxed elementor-section-height-default elementor-section-height-default\" data-id=\"a40516e\" data-element_type=\"section\" data-e-type=\"section\">\n\t\t\t\t\t\t<div class=\"elementor-container elementor-column-gap-no\">\n\t\t\t\t\t<div class=\"elementor-column elementor-col-50 elementor-top-column elementor-element elementor-element-13cf101\" data-id=\"13cf101\" data-element_type=\"column\" data-e-type=\"column\" data-settings=\"{&quot;background_background&quot;:&quot;classic&quot;}\">\n\t\t\t<div class=\"elementor-widget-wrap elementor-element-populated\">\n\t\t\t\t\t\t<div class=\"elementor-element elementor-element-53f3f3c SquareTxt elementor-widget elementor-widget-text-editor\" data-id=\"53f3f3c\" data-element_type=\"widget\" data-e-type=\"widget\" data-widget_type=\"text-editor.default\">\n\t\t\t\t<div class=\"elementor-widget-container\">\n\t\t\t\t\t\t\t\t\t<h1><b>Visi\u00f3n<\/b><\/h1><p><span style=\"font-weight: 400;\">El hielo, los glaciares, su formaci\u00f3n y la din\u00e1mica de sus apasionantes fen\u00f3menos inspiraron la arquitectura, el dise\u00f1o y alentaron el desarrollo creativo de los textos, los guiones, las ilustraciones, y las im\u00e1genes que se exhiben en Glaciarium.<\/span><\/p><p><span style=\"font-weight: 400;\">La arquitectura es expresiva y connotativa, como una escultura gigante posada en la estepa patag\u00f3nica que se integra con el entorno.<\/span><\/p>\t\t\t\t\t\t\t\t<\/div>\n\t\t\t\t<\/div>\n\t\t\t\t\t<\/div>\n\t\t<\/div>\n\t\t\t\t<div class=\"elementor-column elementor-col-50 elementor-top-column elementor-element elementor-element-463818d\" data-id=\"463818d\" data-element_type=\"column\" data-e-type=\"column\">\n\t\t\t<div class=\"elementor-widget-wrap elementor-element-populated\">\n\t\t\t\t\t\t<div class=\"elementor-element elementor-element-a157168 elementor-widget elementor-widget-image\" data-id=\"a157168\" data-element_type=\"widget\" data-e-type=\"widget\" data-widget_type=\"image.default\">\n\t\t\t\t<div class=\"elementor-widget-container\">\n\t\t\t\t\t\t\t\t\t\t\t\t\t\t\t<img loading=\"lazy\" decoding=\"async\" width=\"961\" height=\"961\" src=\"https:\/\/glaciarium.com\/es\/wp-content\/uploads\/2023\/01\/4foto-jpg.webp\" class=\"attachment-full size-full wp-image-799\" alt=\"\" srcset=\"https:\/\/glaciarium.com\/es\/wp-content\/uploads\/2023\/01\/4foto-jpg.webp 961w, https:\/\/glaciarium.com\/es\/wp-content\/uploads\/2023\/01\/4foto-300x300.webp 300w, https:\/\/glaciarium.com\/es\/wp-content\/uploads\/2023\/01\/4foto-150x150.webp 150w, https:\/\/glaciarium.com\/es\/wp-content\/uploads\/2023\/01\/4foto-768x768.webp 768w\" sizes=\"(max-width: 961px) 100vw, 961px\" \/>\t\t\t\t\t\t\t\t\t\t\t\t\t\t\t<\/div>\n\t\t\t\t<\/div>\n\t\t\t\t\t<\/div>\n\t\t<\/div>\n\t\t\t\t\t<\/div>\n\t\t<\/section>\n\t\t\t\t<section class=\"elementor-section elementor-top-section elementor-element elementor-element-ddb5e28 elementor-section-boxed elementor-section-height-default elementor-section-height-default\" data-id=\"ddb5e28\" data-element_type=\"section\" data-e-type=\"section\" data-settings=\"{&quot;background_background&quot;:&quot;classic&quot;}\">\n\t\t\t\t\t\t<div class=\"elementor-container elementor-column-gap-default\">\n\t\t\t\t\t<div class=\"elementor-column elementor-col-100 elementor-top-column elementor-element elementor-element-b63fe3a\" data-id=\"b63fe3a\" data-element_type=\"column\" data-e-type=\"column\" data-settings=\"{&quot;background_background&quot;:&quot;classic&quot;}\">\n\t\t\t<div class=\"elementor-widget-wrap elementor-element-populated\">\n\t\t\t\t\t\t<div class=\"elementor-element elementor-element-33cebd6 elementor-widget elementor-widget-image-carousel\" data-id=\"33cebd6\" data-element_type=\"widget\" data-e-type=\"widget\" data-settings=\"{&quot;slides_to_show&quot;:&quot;4&quot;,&quot;slides_to_show_mobile&quot;:&quot;2&quot;,&quot;slides_to_scroll&quot;:&quot;4&quot;,&quot;slides_to_scroll_mobile&quot;:&quot;2&quot;,&quot;navigation&quot;:&quot;none&quot;,&quot;lazyload&quot;:&quot;yes&quot;,&quot;autoplay&quot;:&quot;yes&quot;,&quot;pause_on_hover&quot;:&quot;yes&quot;,&quot;pause_on_interaction&quot;:&quot;yes&quot;,&quot;autoplay_speed&quot;:5000,&quot;infinite&quot;:&quot;yes&quot;,&quot;speed&quot;:500}\" data-widget_type=\"image-carousel.default\">\n\t\t\t\t<div class=\"elementor-widget-container\">\n\t\t\t\t\t            <div class=\"elementor-image-carousel-wrapper swiper\" role=\"region\" aria-roledescription=\"carousel\" aria-label=\"Carrusel de im\u00e1genes\" dir=\"ltr\">\n                <div class=\"elementor-image-carousel swiper-wrapper\" aria-live=\"off\">\n\t\t\t\t\t\t\t\t\t\t<div class=\"swiper-slide\"><figure class=\"swiper-slide-inner\"><img decoding=\"async\" class=\"swiper-slide-image\" src=\"https:\/\/glaciarium.com\/es\/wp-content\/uploads\/2023\/01\/5txt2-300x150.webp\" alt=\"5txt2\" \/><\/figure><\/div><div class=\"swiper-slide\"><figure class=\"swiper-slide-inner\"><img decoding=\"async\" class=\"swiper-slide-image\" src=\"https:\/\/glaciarium.com\/es\/wp-content\/uploads\/2023\/01\/5txt3-300x150.webp\" alt=\"5txt3\" \/><\/figure><\/div><div class=\"swiper-slide\"><figure class=\"swiper-slide-inner\"><img decoding=\"async\" class=\"swiper-slide-image\" src=\"https:\/\/glaciarium.com\/es\/wp-content\/uploads\/2023\/01\/5txt1-300x150.webp\" alt=\"5txt1\" \/><\/figure><\/div><div class=\"swiper-slide\"><figure class=\"swiper-slide-inner\"><img decoding=\"async\" class=\"swiper-slide-image\" src=\"https:\/\/glaciarium.com\/es\/wp-content\/uploads\/2023\/01\/5txt4-300x150.webp\" alt=\"5txt4\" \/><\/figure><\/div>                <\/div>\n\t\t\t\t\t\t\t\t\t\t\t\t\t\t\t\t\t\t            <\/div>\n\t\t\t\t\t\t\t<\/div>\n\t\t\t\t<\/div>\n\t\t\t\t\t<\/div>\n\t\t<\/div>\n\t\t\t\t\t<\/div>\n\t\t<\/section>\n\t\t\t\t<section class=\"elementor-section elementor-top-section elementor-element elementor-element-3aa375fd elementor-section-content-middle elementor-reverse-mobile elementor-section-boxed elementor-section-height-default elementor-section-height-default\" data-id=\"3aa375fd\" data-element_type=\"section\" data-e-type=\"section\">\n\t\t\t\t\t\t<div class=\"elementor-container elementor-column-gap-no\">\n\t\t\t\t\t<div class=\"elementor-column elementor-col-50 elementor-top-column elementor-element elementor-element-1598fbfb\" data-id=\"1598fbfb\" data-element_type=\"column\" data-e-type=\"column\">\n\t\t\t<div class=\"elementor-widget-wrap elementor-element-populated\">\n\t\t\t\t\t\t<div class=\"elementor-element elementor-element-ec6f705 elementor-widget elementor-widget-image\" data-id=\"ec6f705\" data-element_type=\"widget\" data-e-type=\"widget\" data-widget_type=\"image.default\">\n\t\t\t\t<div class=\"elementor-widget-container\">\n\t\t\t\t\t\t\t\t\t\t\t\t\t\t\t<img loading=\"lazy\" decoding=\"async\" width=\"961\" height=\"961\" src=\"https:\/\/glaciarium.com\/es\/wp-content\/uploads\/2023\/01\/6foto-jpg.webp\" class=\"attachment-full size-full wp-image-801\" alt=\"\" srcset=\"https:\/\/glaciarium.com\/es\/wp-content\/uploads\/2023\/01\/6foto-jpg.webp 961w, https:\/\/glaciarium.com\/es\/wp-content\/uploads\/2023\/01\/6foto-300x300.webp 300w, https:\/\/glaciarium.com\/es\/wp-content\/uploads\/2023\/01\/6foto-150x150.webp 150w, https:\/\/glaciarium.com\/es\/wp-content\/uploads\/2023\/01\/6foto-768x768.webp 768w\" sizes=\"(max-width: 961px) 100vw, 961px\" \/>\t\t\t\t\t\t\t\t\t\t\t\t\t\t\t<\/div>\n\t\t\t\t<\/div>\n\t\t\t\t\t<\/div>\n\t\t<\/div>\n\t\t\t\t<div class=\"elementor-column elementor-col-50 elementor-top-column elementor-element elementor-element-2577324e\" data-id=\"2577324e\" data-element_type=\"column\" data-e-type=\"column\" data-settings=\"{&quot;background_background&quot;:&quot;classic&quot;}\">\n\t\t\t<div class=\"elementor-widget-wrap elementor-element-populated\">\n\t\t\t\t\t\t<div class=\"elementor-element elementor-element-1b206277 SquareTxt elementor-widget elementor-widget-text-editor\" data-id=\"1b206277\" data-element_type=\"widget\" data-e-type=\"widget\" data-widget_type=\"text-editor.default\">\n\t\t\t\t<div class=\"elementor-widget-container\">\n\t\t\t\t\t\t\t\t\t<h1><b>Revista Lugares<\/b><\/h1><p><span style=\"font-weight: 400;\">Lleva 17 a\u00f1os ininterrumpidos de presencia en el mercado tur\u00edstico impulsando a sus seguidores a viajar por el pa\u00eds y por el mundo, con esp\u00edritu explorador. Los premios Lugares se entregan todos los a\u00f1os y reconocen a los principales exponentes del mercado tur\u00edstico nacional, diferenciados en 8 categor\u00edas. Fincas y Estancias, Hotel de Lujo, Museo, Personaje, Gu\u00edas y Peque\u00f1as Empresas de Aventura, Actividades, Gourmet. Gracias a la Revista Lugares, que ha nominado a Glaciarium, como mejor museo de Argentina del a\u00f1o 2011<\/span><\/p>\t\t\t\t\t\t\t\t<\/div>\n\t\t\t\t<\/div>\n\t\t\t\t\t<\/div>\n\t\t<\/div>\n\t\t\t\t\t<\/div>\n\t\t<\/section>\n\t\t\t\t<section class=\"elementor-section elementor-top-section elementor-element elementor-element-94a6b92 elementor-section-content-middle elementor-section-boxed elementor-section-height-default elementor-section-height-default\" data-id=\"94a6b92\" data-element_type=\"section\" data-e-type=\"section\" data-settings=\"{&quot;background_background&quot;:&quot;classic&quot;}\">\n\t\t\t\t\t\t<div class=\"elementor-container elementor-column-gap-no\">\n\t\t\t\t\t<div class=\"elementor-column elementor-col-50 elementor-top-column elementor-element elementor-element-d1ea606\" data-id=\"d1ea606\" data-element_type=\"column\" data-e-type=\"column\" data-settings=\"{&quot;background_background&quot;:&quot;classic&quot;}\">\n\t\t\t<div class=\"elementor-widget-wrap elementor-element-populated\">\n\t\t\t\t\t\t<div class=\"elementor-element elementor-element-9543e5a SquareTxtW elementor-widget elementor-widget-text-editor\" data-id=\"9543e5a\" data-element_type=\"widget\" data-e-type=\"widget\" data-widget_type=\"text-editor.default\">\n\t\t\t\t<div class=\"elementor-widget-container\">\n\t\t\t\t\t\t\t\t\t<h1><span style=\"color: #ffffff;\"><b>Travellers\u2019s Choice\u00a0<\/b><\/span><\/h1><p><span style=\"font-weight: 400;\">\u00bfQu\u00e9 es el premio Travellers&#8217; Choice?<\/span><\/p><p><span style=\"font-weight: 400;\">Tripadvisor les otorga el premio Travellers&#8217; Choice a los alojamientos, las atracciones y los restaurantes que consistentemente reciben excelentes opiniones de los viajeros y que se clasifican dentro del 10 % de los establecimientos m\u00e1s populares en Tripadvisor.<\/span><\/p>\t\t\t\t\t\t\t\t<\/div>\n\t\t\t\t<\/div>\n\t\t\t\t\t<\/div>\n\t\t<\/div>\n\t\t\t\t<div class=\"elementor-column elementor-col-50 elementor-top-column elementor-element elementor-element-c7ef8d0\" data-id=\"c7ef8d0\" data-element_type=\"column\" data-e-type=\"column\">\n\t\t\t<div class=\"elementor-widget-wrap elementor-element-populated\">\n\t\t\t\t\t\t<div class=\"elementor-element elementor-element-2e6ef4f elementor-widget elementor-widget-image\" data-id=\"2e6ef4f\" data-element_type=\"widget\" data-e-type=\"widget\" data-widget_type=\"image.default\">\n\t\t\t\t<div class=\"elementor-widget-container\">\n\t\t\t\t\t\t\t\t\t\t\t\t\t\t\t<img decoding=\"async\" src=\"https:\/\/glaciarium.com\/es\/wp-content\/uploads\/2023\/10\/mobile-tripadvisor23-scaled.webp\" title=\"\" alt=\"\" loading=\"lazy\" \/>\t\t\t\t\t\t\t\t\t\t\t\t\t\t\t<\/div>\n\t\t\t\t<\/div>\n\t\t\t\t\t<\/div>\n\t\t<\/div>\n\t\t\t\t\t<\/div>\n\t\t<\/section>\n\t\t\t\t<section class=\"elementor-section elementor-top-section elementor-element elementor-element-793b3ff0 elementor-hidden-desktop elementor-hidden-tablet elementor-hidden-mobile elementor-section-boxed elementor-section-height-default elementor-section-height-default\" data-id=\"793b3ff0\" data-element_type=\"section\" data-e-type=\"section\">\n\t\t\t\t\t\t<div class=\"elementor-container elementor-column-gap-no\">\n\t\t\t\t\t<div class=\"elementor-column elementor-col-50 elementor-top-column elementor-element elementor-element-2b42126f\" data-id=\"2b42126f\" data-element_type=\"column\" data-e-type=\"column\">\n\t\t\t<div class=\"elementor-widget-wrap elementor-element-populated\">\n\t\t\t\t\t\t<div class=\"elementor-element elementor-element-22163f93 elementor-widget elementor-widget-image\" data-id=\"22163f93\" data-element_type=\"widget\" data-e-type=\"widget\" data-widget_type=\"image.default\">\n\t\t\t\t<div class=\"elementor-widget-container\">\n\t\t\t\t\t\t\t\t\t\t\t\t\t\t\t<img loading=\"lazy\" decoding=\"async\" width=\"1920\" height=\"1920\" src=\"https:\/\/glaciarium.com\/es\/wp-content\/uploads\/2023\/01\/CENTRO-DE-INTERPREACION-MOBILE-3-jpg.webp\" class=\"attachment-full size-full wp-image-1353\" alt=\"\" srcset=\"https:\/\/glaciarium.com\/es\/wp-content\/uploads\/2023\/01\/CENTRO-DE-INTERPREACION-MOBILE-3-jpg.webp 1920w, https:\/\/glaciarium.com\/es\/wp-content\/uploads\/2023\/01\/CENTRO-DE-INTERPREACION-MOBILE-3-300x300.webp 300w, https:\/\/glaciarium.com\/es\/wp-content\/uploads\/2023\/01\/CENTRO-DE-INTERPREACION-MOBILE-3-1024x1024.webp 1024w, https:\/\/glaciarium.com\/es\/wp-content\/uploads\/2023\/01\/CENTRO-DE-INTERPREACION-MOBILE-3-150x150.webp 150w, https:\/\/glaciarium.com\/es\/wp-content\/uploads\/2023\/01\/CENTRO-DE-INTERPREACION-MOBILE-3-768x768.webp 768w, https:\/\/glaciarium.com\/es\/wp-content\/uploads\/2023\/01\/CENTRO-DE-INTERPREACION-MOBILE-3-1536x1536.webp 1536w\" sizes=\"(max-width: 1920px) 100vw, 1920px\" \/>\t\t\t\t\t\t\t\t\t\t\t\t\t\t\t<\/div>\n\t\t\t\t<\/div>\n\t\t\t\t\t<\/div>\n\t\t<\/div>\n\t\t\t\t<div class=\"elementor-column elementor-col-50 elementor-top-column elementor-element elementor-element-123ad6bf\" data-id=\"123ad6bf\" data-element_type=\"column\" data-e-type=\"column\">\n\t\t\t<div class=\"elementor-widget-wrap elementor-element-populated\">\n\t\t\t\t\t\t<div class=\"elementor-element elementor-element-376ecfe4 elementor-widget elementor-widget-image\" data-id=\"376ecfe4\" data-element_type=\"widget\" data-e-type=\"widget\" data-widget_type=\"image.default\">\n\t\t\t\t<div class=\"elementor-widget-container\">\n\t\t\t\t\t\t\t\t\t\t\t\t\t\t\t<img loading=\"lazy\" decoding=\"async\" width=\"1920\" height=\"1920\" src=\"https:\/\/glaciarium.com\/es\/wp-content\/uploads\/2023\/01\/CENTRO-DE-INTERPREACION-MOBILE-4-jpg.webp\" class=\"attachment-full size-full wp-image-1354\" alt=\"\" srcset=\"https:\/\/glaciarium.com\/es\/wp-content\/uploads\/2023\/01\/CENTRO-DE-INTERPREACION-MOBILE-4-jpg.webp 1920w, https:\/\/glaciarium.com\/es\/wp-content\/uploads\/2023\/01\/CENTRO-DE-INTERPREACION-MOBILE-4-300x300.webp 300w, https:\/\/glaciarium.com\/es\/wp-content\/uploads\/2023\/01\/CENTRO-DE-INTERPREACION-MOBILE-4-1024x1024.webp 1024w, https:\/\/glaciarium.com\/es\/wp-content\/uploads\/2023\/01\/CENTRO-DE-INTERPREACION-MOBILE-4-150x150.webp 150w, https:\/\/glaciarium.com\/es\/wp-content\/uploads\/2023\/01\/CENTRO-DE-INTERPREACION-MOBILE-4-768x768.webp 768w, https:\/\/glaciarium.com\/es\/wp-content\/uploads\/2023\/01\/CENTRO-DE-INTERPREACION-MOBILE-4-1536x1536.webp 1536w\" sizes=\"(max-width: 1920px) 100vw, 1920px\" \/>\t\t\t\t\t\t\t\t\t\t\t\t\t\t\t<\/div>\n\t\t\t\t<\/div>\n\t\t\t\t\t<\/div>\n\t\t<\/div>\n\t\t\t\t\t<\/div>\n\t\t<\/section>\n\t\t\t\t<\/div>\n\t\t","protected":false},"excerpt":{"rendered":"<p>Misi\u00f3n Crear un espacio para el entretenimiento, esparcimiento, desarrollo de actividades culturales. Apoyar y divulgar la investigaci\u00f3n y labor cient\u00edfica que ayude a mejorar el conocimiento de los glaciares y la Patagonia. Promover el inter\u00e9s y el conocimiento de los Glaciares y la glaciolog\u00eda. Divulgar las maravillas de la regi\u00f3n de los Hielos Patag\u00f3nicos y [&hellip;]<\/p>\n","protected":false},"author":1,"featured_media":0,"parent":0,"menu_order":0,"comment_status":"closed","ping_status":"closed","template":"","meta":{"footnotes":""},"class_list":["post-243","page","type-page","status-publish","hentry"],"_links":{"self":[{"href":"https:\/\/glaciarium.com\/es\/wp-json\/wp\/v2\/pages\/243","targetHints":{"allow":["GET"]}}],"collection":[{"href":"https:\/\/glaciarium.com\/es\/wp-json\/wp\/v2\/pages"}],"about":[{"href":"https:\/\/glaciarium.com\/es\/wp-json\/wp\/v2\/types\/page"}],"author":[{"embeddable":true,"href":"https:\/\/glaciarium.com\/es\/wp-json\/wp\/v2\/users\/1"}],"replies":[{"embeddable":true,"href":"https:\/\/glaciarium.com\/es\/wp-json\/wp\/v2\/comments?post=243"}],"version-history":[{"count":106,"href":"https:\/\/glaciarium.com\/es\/wp-json\/wp\/v2\/pages\/243\/revisions"}],"predecessor-version":[{"id":1662,"href":"https:\/\/glaciarium.com\/es\/wp-json\/wp\/v2\/pages\/243\/revisions\/1662"}],"wp:attachment":[{"href":"https:\/\/glaciarium.com\/es\/wp-json\/wp\/v2\/media?parent=243"}],"curies":[{"name":"wp","href":"https:\/\/api.w.org\/{rel}","templated":true}]}}